{"id":3286,"date":"2023-12-21T16:12:17","date_gmt":"2023-12-21T15:12:17","guid":{"rendered":"https:\/\/100anni.units.it\/?page_id=3286"},"modified":"2025-01-16T16:47:22","modified_gmt":"2025-01-16T15:47:22","slug":"campagna-5x1000","status":"publish","type":"page","link":"https:\/\/100anni.units.it\/index.php\/home\/campagne-di-comunicazione\/campagna-5x1000\/","title":{"rendered":"Campagna 5&#215;1000"},"content":{"rendered":"\n<div class=\"wp-block-group\"><div class=\"wp-block-group__inner-container is-layout-constrained wp-block-group-is-layout-constrained\">\n<div style=\"height:25px\" aria-hidden=\"true\" class=\"wp-block-spacer\"><\/div>\n\n\n<div class=\"yoast-breadcrumbs\"><span><span><a href=\"https:\/\/100anni.units.it\/\">Home<\/a><\/span> \u00bb <span><a href=\"https:\/\/100anni.units.it\/index.php\/home\/campagne-di-comunicazione\/\">Campagne di comunicazione<\/a><\/span> \u00bb <span class=\"breadcrumb_last\" aria-current=\"page\">Campagna 5&#215;1000<\/span><\/span><\/div>\n\n\n<div style=\"height:40px\" aria-hidden=\"true\" class=\"wp-block-spacer\"><\/div>\n<\/div><\/div>\n\n\n\n<div class=\"wp-block-group is-vertical is-layout-flex wp-container-core-group-is-layout-8cf370e7 wp-block-group-is-layout-flex\">\n<h3 class=\"wp-block-heading has-neve-link-color-color has-text-color\">Campagne di comunicazione<\/h3>\n\n\n\n<h1 class=\"wp-block-heading has-neve-link-color-color has-text-color\">Campagna 5&#215;1000<\/h1>\n\n\n\n<div style=\"height:70px\" aria-hidden=\"true\" class=\"wp-block-spacer wp-container-content-95b39f08\"><\/div>\n\n\n\n<h2 class=\"wp-block-heading has-neve-link-color-color has-text-color\" style=\"font-size:50px\">2023 &#8211; 2024<\/h2>\n<\/div>\n\n\n\n<p class=\"has-medium-font-size\">Campagna multisoggetto che ritrae i volti di sei dottorandi UniTS che lavorano a diversi ambiti di ricerca. Lo scopo della campagna \u00e8 far comprendere la destinazione dei fondi 5&#215;1000 destinati alla ricerca, ai giovani e al futuro del Paese.<\/p>\n\n\n\n<div style=\"height:50px\" aria-hidden=\"true\" class=\"wp-block-spacer\"><\/div>\n\n\n\n<div class=\"wp-block-columns is-layout-flex wp-container-core-columns-is-layout-9d6595d7 wp-block-columns-is-layout-flex\">\n<div class=\"wp-block-column is-layout-flow wp-block-column-is-layout-flow\">\n<figure class=\"wp-block-image size-large img-border\"><img loading=\"lazy\" decoding=\"async\" width=\"731\" height=\"1024\" src=\"https:\/\/100anni.units.it\/wp-content\/uploads\/2023\/12\/100UniTS_5x1000_Andrea-731x1024.jpg\" alt=\"poster 5x1000 Andrea\" class=\"wp-image-3316\" srcset=\"https:\/\/100anni.units.it\/wp-content\/uploads\/2023\/12\/100UniTS_5x1000_Andrea-731x1024.jpg 731w, https:\/\/100anni.units.it\/wp-content\/uploads\/2023\/12\/100UniTS_5x1000_Andrea-214x300.jpg 214w, https:\/\/100anni.units.it\/wp-content\/uploads\/2023\/12\/100UniTS_5x1000_Andrea-768x1076.jpg 768w, https:\/\/100anni.units.it\/wp-content\/uploads\/2023\/12\/100UniTS_5x1000_Andrea-1096x1536.jpg 1096w, https:\/\/100anni.units.it\/wp-content\/uploads\/2023\/12\/100UniTS_5x1000_Andrea-1462x2048.jpg 1462w, https:\/\/100anni.units.it\/wp-content\/uploads\/2023\/12\/100UniTS_5x1000_Andrea.jpg 1650w\" sizes=\"auto, (max-width: 731px) 100vw, 731px\" \/><\/figure>\n\n\n\n<div style=\"height:50px\" aria-hidden=\"true\" class=\"wp-block-spacer\"><\/div>\n<\/div>\n\n\n\n<div class=\"wp-block-column is-layout-flow wp-block-column-is-layout-flow\">\n<figure class=\"wp-block-image size-large img-border\"><img loading=\"lazy\" decoding=\"async\" width=\"731\" height=\"1024\" src=\"https:\/\/100anni.units.it\/wp-content\/uploads\/2023\/12\/100UniTS_5x1000_Chiara-731x1024.jpg\" alt=\"poster 5x1000 Chiara\" class=\"wp-image-3317\" srcset=\"https:\/\/100anni.units.it\/wp-content\/uploads\/2023\/12\/100UniTS_5x1000_Chiara-731x1024.jpg 731w, https:\/\/100anni.units.it\/wp-content\/uploads\/2023\/12\/100UniTS_5x1000_Chiara-214x300.jpg 214w, https:\/\/100anni.units.it\/wp-content\/uploads\/2023\/12\/100UniTS_5x1000_Chiara-768x1076.jpg 768w, https:\/\/100anni.units.it\/wp-content\/uploads\/2023\/12\/100UniTS_5x1000_Chiara-1096x1536.jpg 1096w, https:\/\/100anni.units.it\/wp-content\/uploads\/2023\/12\/100UniTS_5x1000_Chiara-1462x2048.jpg 1462w, https:\/\/100anni.units.it\/wp-content\/uploads\/2023\/12\/100UniTS_5x1000_Chiara.jpg 1650w\" sizes=\"auto, (max-width: 731px) 100vw, 731px\" \/><\/figure>\n\n\n\n<div style=\"height:50px\" aria-hidden=\"true\" class=\"wp-block-spacer\"><\/div>\n<\/div>\n\n\n\n<div class=\"wp-block-column is-layout-flow wp-block-column-is-layout-flow\">\n<figure class=\"wp-block-image size-large img-border\"><img loading=\"lazy\" decoding=\"async\" width=\"728\" height=\"1024\" src=\"https:\/\/100anni.units.it\/wp-content\/uploads\/2023\/12\/100UniTS_5x1000_Luca-728x1024.jpg\" alt=\"poster 5x1000 Luca\" class=\"wp-image-3318\" srcset=\"https:\/\/100anni.units.it\/wp-content\/uploads\/2023\/12\/100UniTS_5x1000_Luca-728x1024.jpg 728w, https:\/\/100anni.units.it\/wp-content\/uploads\/2023\/12\/100UniTS_5x1000_Luca-213x300.jpg 213w, https:\/\/100anni.units.it\/wp-content\/uploads\/2023\/12\/100UniTS_5x1000_Luca-768x1080.jpg 768w, https:\/\/100anni.units.it\/wp-content\/uploads\/2023\/12\/100UniTS_5x1000_Luca-1092x1536.jpg 1092w, https:\/\/100anni.units.it\/wp-content\/uploads\/2023\/12\/100UniTS_5x1000_Luca-1457x2048.jpg 1457w, https:\/\/100anni.units.it\/wp-content\/uploads\/2023\/12\/100UniTS_5x1000_Luca.jpg 1650w\" sizes=\"auto, (max-width: 728px) 100vw, 728px\" \/><\/figure>\n\n\n\n<div style=\"height:50px\" aria-hidden=\"true\" class=\"wp-block-spacer\"><\/div>\n<\/div>\n<\/div>\n\n\n\n<div class=\"wp-block-columns is-layout-flex wp-container-core-columns-is-layout-9d6595d7 wp-block-columns-is-layout-flex\">\n<div class=\"wp-block-column is-layout-flow wp-block-column-is-layout-flow\">\n<figure class=\"wp-block-image size-large img-border\"><img loading=\"lazy\" decoding=\"async\" width=\"731\" height=\"1024\" src=\"https:\/\/100anni.units.it\/wp-content\/uploads\/2023\/12\/100UniTS_5x1000_Luciana-731x1024.jpg\" alt=\"poster 5x1000 Luciana\" class=\"wp-image-3319\" srcset=\"https:\/\/100anni.units.it\/wp-content\/uploads\/2023\/12\/100UniTS_5x1000_Luciana-731x1024.jpg 731w, https:\/\/100anni.units.it\/wp-content\/uploads\/2023\/12\/100UniTS_5x1000_Luciana-214x300.jpg 214w, https:\/\/100anni.units.it\/wp-content\/uploads\/2023\/12\/100UniTS_5x1000_Luciana-768x1076.jpg 768w, https:\/\/100anni.units.it\/wp-content\/uploads\/2023\/12\/100UniTS_5x1000_Luciana-1096x1536.jpg 1096w, https:\/\/100anni.units.it\/wp-content\/uploads\/2023\/12\/100UniTS_5x1000_Luciana-1462x2048.jpg 1462w, https:\/\/100anni.units.it\/wp-content\/uploads\/2023\/12\/100UniTS_5x1000_Luciana.jpg 1650w\" sizes=\"auto, (max-width: 731px) 100vw, 731px\" \/><\/figure>\n\n\n\n<div style=\"height:50px\" aria-hidden=\"true\" class=\"wp-block-spacer\"><\/div>\n<\/div>\n\n\n\n<div class=\"wp-block-column is-layout-flow wp-block-column-is-layout-flow\">\n<figure class=\"wp-block-image size-large img-border\"><img loading=\"lazy\" decoding=\"async\" width=\"731\" height=\"1024\" src=\"https:\/\/100anni.units.it\/wp-content\/uploads\/2023\/12\/100UniTS_5x1000_Marco-731x1024.jpg\" alt=\"poster 5x1000 Marco\" class=\"wp-image-3320\" srcset=\"https:\/\/100anni.units.it\/wp-content\/uploads\/2023\/12\/100UniTS_5x1000_Marco-731x1024.jpg 731w, https:\/\/100anni.units.it\/wp-content\/uploads\/2023\/12\/100UniTS_5x1000_Marco-214x300.jpg 214w, https:\/\/100anni.units.it\/wp-content\/uploads\/2023\/12\/100UniTS_5x1000_Marco-768x1076.jpg 768w, https:\/\/100anni.units.it\/wp-content\/uploads\/2023\/12\/100UniTS_5x1000_Marco-1096x1536.jpg 1096w, https:\/\/100anni.units.it\/wp-content\/uploads\/2023\/12\/100UniTS_5x1000_Marco-1462x2048.jpg 1462w, https:\/\/100anni.units.it\/wp-content\/uploads\/2023\/12\/100UniTS_5x1000_Marco.jpg 1650w\" sizes=\"auto, (max-width: 731px) 100vw, 731px\" \/><\/figure>\n\n\n\n<div style=\"height:50px\" aria-hidden=\"true\" class=\"wp-block-spacer\"><\/div>\n<\/div>\n\n\n\n<div class=\"wp-block-column is-layout-flow wp-block-column-is-layout-flow\">\n<figure class=\"wp-block-image size-large img-border\"><img loading=\"lazy\" decoding=\"async\" width=\"731\" height=\"1024\" src=\"https:\/\/100anni.units.it\/wp-content\/uploads\/2023\/12\/100UniTS_5x1000_Verdiana-731x1024.jpg\" alt=\"poster 5x1000 Verdiana\" class=\"wp-image-3321\" srcset=\"https:\/\/100anni.units.it\/wp-content\/uploads\/2023\/12\/100UniTS_5x1000_Verdiana-731x1024.jpg 731w, https:\/\/100anni.units.it\/wp-content\/uploads\/2023\/12\/100UniTS_5x1000_Verdiana-214x300.jpg 214w, https:\/\/100anni.units.it\/wp-content\/uploads\/2023\/12\/100UniTS_5x1000_Verdiana-768x1076.jpg 768w, https:\/\/100anni.units.it\/wp-content\/uploads\/2023\/12\/100UniTS_5x1000_Verdiana-1096x1536.jpg 1096w, https:\/\/100anni.units.it\/wp-content\/uploads\/2023\/12\/100UniTS_5x1000_Verdiana-1462x2048.jpg 1462w, https:\/\/100anni.units.it\/wp-content\/uploads\/2023\/12\/100UniTS_5x1000_Verdiana.jpg 1650w\" sizes=\"auto, (max-width: 731px) 100vw, 731px\" \/><\/figure>\n\n\n\n<div style=\"height:50px\" aria-hidden=\"true\" class=\"wp-block-spacer\"><\/div>\n<\/div>\n<\/div>\n\n\n\n<div class=\"wp-block-group is-vertical is-layout-flex wp-container-core-group-is-layout-8cf370e7 wp-block-group-is-layout-flex\">\n<h3 class=\"wp-block-heading has-neve-link-color-color has-text-color\">Credits<\/h3>\n\n\n\n<p>Titolo campagna: <strong>Dottorandi<\/strong><br>Direzione creativa, graphic design, art direction e copywriting: <strong>Paola Russo<\/strong><br>Fotografia: <strong>Camilla Bach<\/strong><br>MUA:&nbsp;<strong>Rossella Barillaro<\/strong><br>Diffusione: stampa (quotidiani), radio e web<\/p>\n<\/div>\n\n\n\n<div style=\"height:124px\" aria-hidden=\"true\" class=\"wp-block-spacer\"><\/div>\n\n\n\n<h2 class=\"wp-block-heading has-neve-link-color-color has-text-color\">2024 &#8211; 2025<\/h2>\n\n\n\n<p>Campagna multisoggetto che ritrae i volti di quattro dottorandi UniTS che lavorano a diversi ambiti di ricerca. Lo scopo della campagna \u00e8 far comprendere la destinazione dei fondi 5&#215;1000 per la ricerca, i giovani e il futuro del Paese.<\/p>\n\n\n\n<div class=\"wp-block-columns is-layout-flex wp-container-core-columns-is-layout-9d6595d7 wp-block-columns-is-layout-flex\">\n<div class=\"wp-block-column is-layout-flow wp-block-column-is-layout-flow\"><div class=\"wp-block-image\">\n<figure class=\"aligncenter size-large is-resized\"><img loading=\"lazy\" decoding=\"async\" src=\"https:\/\/100anni.units.it\/wp-content\/uploads\/2024\/12\/POSTER-A3-Samantha_page-0001-728x1024.jpg\" alt=\"Samantha\" class=\"wp-image-7861\" style=\"object-fit:contain;width:330px;height:445px\" width=\"330\" height=\"445\"\/><\/figure>\n<\/div>\n\n\n<div style=\"height:100px\" aria-hidden=\"true\" class=\"wp-block-spacer\"><\/div>\n\n\n<div class=\"wp-block-image\">\n<figure class=\"aligncenter size-large is-resized\"><img loading=\"lazy\" decoding=\"async\" src=\"https:\/\/100anni.units.it\/wp-content\/uploads\/2024\/12\/100UniTS_POSTER-A3-Francesco_page-0001-728x1024.jpg\" alt=\"Francesco\" class=\"wp-image-7859\" style=\"object-fit:contain;width:330px;height:445px\" width=\"330\" height=\"445\"\/><\/figure>\n<\/div><\/div>\n\n\n\n<div class=\"wp-block-column is-layout-flow wp-block-column-is-layout-flow\"><div class=\"wp-block-image\">\n<figure class=\"aligncenter size-large is-resized\"><img loading=\"lazy\" decoding=\"async\" src=\"https:\/\/100anni.units.it\/wp-content\/uploads\/2024\/12\/100UniTS_POSTER-A3-Niccolo_page-0001-728x1024.jpg\" alt=\"Niccol\u00f2\" class=\"wp-image-7860\" style=\"object-fit:contain;width:330px;height:445px\" width=\"330\" height=\"445\"\/><\/figure>\n<\/div>\n\n\n<div style=\"height:100px\" aria-hidden=\"true\" class=\"wp-block-spacer\"><\/div>\n\n\n<div class=\"wp-block-image\">\n<figure class=\"aligncenter size-large is-resized\"><img loading=\"lazy\" decoding=\"async\" src=\"https:\/\/100anni.units.it\/wp-content\/uploads\/2024\/12\/100UniTS_POSTER-A3-Alessia_page-0001-728x1024.jpg\" alt=\"Alessia\" class=\"wp-image-7858\" style=\"object-fit:contain;width:330px;height:445px\" width=\"330\" height=\"445\"\/><\/figure>\n<\/div><\/div>\n<\/div>\n\n\n\n<div style=\"height:100px\" aria-hidden=\"true\" class=\"wp-block-spacer\"><\/div>\n\n\n\n<h3 class=\"wp-block-heading has-neve-link-color-color has-text-color\">Credits<\/h3>\n\n\n\n<p>Titolo campagna: <strong>Dottorandi<\/strong><br>Direzione creativa, graphic design, art direction e copywriting: <strong>Paola Russo<\/strong><br>Fotografia: <strong>Camilla Bach<\/strong><br>MUA: <strong>Cecilia Carbonelli<\/strong><br>Diffusione: stampa (quotidiani), radio e web<\/p>\n\n\n\n<div style=\"height:100px;width:0px\" aria-hidden=\"true\" class=\"wp-block-spacer\"><\/div>\n\n\n\n<div class=\"wp-block-group\"><div class=\"wp-block-group__inner-container is-layout-constrained wp-block-group-is-layout-constrained\">\n<div style=\"height:25px\" aria-hidden=\"true\" class=\"wp-block-spacer\"><\/div>\n\n\n<div class=\"yoast-breadcrumbs\"><span><span><a href=\"https:\/\/100anni.units.it\/\">Home<\/a><\/span> \u00bb <span><a href=\"https:\/\/100anni.units.it\/index.php\/home\/campagne-di-comunicazione\/\">Campagne di comunicazione<\/a><\/span> \u00bb <span class=\"breadcrumb_last\" aria-current=\"page\">Campagna 5&#215;1000<\/span><\/span><\/div>\n\n\n<div style=\"height:40px\" aria-hidden=\"true\" class=\"wp-block-spacer\"><\/div>\n<\/div><\/div>\n","protected":false},"excerpt":{"rendered":"<p>Campagne di comunicazione Campagna 5&#215;1000 2023 &#8211; 2024 Campagna multisoggetto che ritrae i volti di sei dottorandi UniTS che lavorano a diversi ambiti di ricerca. Lo scopo della campagna \u00e8&hellip;&nbsp;<a href=\"https:\/\/100anni.units.it\/index.php\/home\/campagne-di-comunicazione\/campagna-5x1000\/\" class=\"\" rel=\"bookmark\">Leggi tutto &raquo;<span class=\"screen-reader-text\">Campagna 5&#215;1000<\/span><\/a><\/p>\n","protected":false},"author":1,"featured_media":3391,"parent":3173,"menu_order":0,"comment_status":"closed","ping_status":"closed","template":"","meta":{"neve_meta_sidebar":"","neve_meta_container":"","neve_meta_enable_content_width":"","neve_meta_content_width":0,"neve_meta_title_alignment":"","neve_meta_author_avatar":"","neve_post_elements_order":"","neve_meta_disable_header":"","neve_meta_disable_footer":"","neve_meta_disable_title":"","_EventAllDay":false,"_EventTimezone":"","_EventStartDate":"","_EventEndDate":"","_EventStartDateUTC":"","_EventEndDateUTC":"","_EventShowMap":false,"_EventShowMapLink":false,"_EventURL":"","_EventCost":"","_EventCostDescription":"","_EventCurrencySymbol":"","_EventCurrencyCode":"","_EventCurrencyPosition":"","_EventDateTimeSeparator":"","_EventTimeRangeSeparator":"","_EventOrganizerID":[],"_EventVenueID":[],"_OrganizerEmail":"","_OrganizerPhone":"","_OrganizerWebsite":"","_VenueAddress":"","_VenueCity":"","_VenueCountry":"","_VenueProvince":"","_VenueState":"","_VenueZip":"","_VenuePhone":"","_VenueURL":"","_VenueStateProvince":"","_VenueLat":"","_VenueLng":"","_VenueShowMap":false,"_VenueShowMapLink":false,"_ti_tpc_template_sync":false,"_ti_tpc_template_id":"","footnotes":""},"class_list":["post-3286","page","type-page","status-publish","has-post-thumbnail","hentry"],"yoast_head":"<!-- This site is optimized with the Yoast SEO plugin v21.0 - https:\/\/yoast.com\/wordpress\/plugins\/seo\/ -->\n<title>Campagna 5x1000 &ndash; #100UniTS<\/title>\n<meta name=\"description\" content=\"Campagna multisoggetto che ritrae sei volti di sei dottorandi che lavorano a diversi ambiti di ricerca. Lo scopo della campagna \u00e8 far comprendere la destinazione dei fondi 5\u00d71000 destinati alla ricerca, ai giovani e al futuro del Paese.\" \/>\n<meta name=\"robots\" content=\"index, follow, max-snippet:-1, max-image-preview:large, max-video-preview:-1\" \/>\n<link rel=\"canonical\" href=\"https:\/\/100anni.units.it\/index.php\/home\/campagne-di-comunicazione\/campagna-5x1000\/\" \/>\n<meta property=\"og:locale\" content=\"it_IT\" \/>\n<meta property=\"og:type\" content=\"article\" \/>\n<meta property=\"og:title\" content=\"Campagna 5x1000 &ndash; #100UniTS\" \/>\n<meta property=\"og:description\" content=\"Campagna multisoggetto che ritrae sei volti di sei dottorandi che lavorano a diversi ambiti di ricerca. Lo scopo della campagna \u00e8 far comprendere la destinazione dei fondi 5\u00d71000 destinati alla ricerca, ai giovani e al futuro del Paese.\" \/>\n<meta property=\"og:url\" content=\"https:\/\/100anni.units.it\/index.php\/home\/campagne-di-comunicazione\/campagna-5x1000\/\" \/>\n<meta property=\"og:site_name\" content=\"#100UniTS\" \/>\n<meta property=\"article:publisher\" content=\"https:\/\/www.facebook.com\/universitatrieste\" \/>\n<meta property=\"article:modified_time\" content=\"2025-01-16T15:47:22+00:00\" \/>\n<meta property=\"og:image\" content=\"https:\/\/100anni.units.it\/wp-content\/uploads\/2023\/12\/100UniTS_campagna5x1000.jpg\" \/>\n\t<meta property=\"og:image:width\" content=\"300\" \/>\n\t<meta property=\"og:image:height\" content=\"250\" \/>\n\t<meta property=\"og:image:type\" content=\"image\/jpeg\" \/>\n<meta name=\"twitter:card\" content=\"summary_large_image\" \/>\n<meta name=\"twitter:site\" content=\"@UniTrieste\" \/>\n<meta name=\"twitter:label1\" content=\"Tempo di lettura stimato\" \/>\n\t<meta name=\"twitter:data1\" content=\"3 minuti\" \/>\n<script type=\"application\/ld+json\" class=\"yoast-schema-graph\">{\"@context\":\"https:\/\/schema.org\",\"@graph\":[{\"@type\":\"WebPage\",\"@id\":\"https:\/\/100anni.units.it\/index.php\/home\/campagne-di-comunicazione\/campagna-5x1000\/\",\"url\":\"https:\/\/100anni.units.it\/index.php\/home\/campagne-di-comunicazione\/campagna-5x1000\/\",\"name\":\"Campagna 5x1000 &ndash; #100UniTS\",\"isPartOf\":{\"@id\":\"https:\/\/100anni.units.it\/#website\"},\"datePublished\":\"2023-12-21T15:12:17+00:00\",\"dateModified\":\"2025-01-16T15:47:22+00:00\",\"description\":\"Campagna multisoggetto che ritrae sei volti di sei dottorandi che lavorano a diversi ambiti di ricerca. Lo scopo della campagna \u00e8 far comprendere la destinazione dei fondi 5\u00d71000 destinati alla ricerca, ai giovani e al futuro del Paese.\",\"breadcrumb\":{\"@id\":\"https:\/\/100anni.units.it\/index.php\/home\/campagne-di-comunicazione\/campagna-5x1000\/#breadcrumb\"},\"inLanguage\":\"it-IT\",\"potentialAction\":[{\"@type\":\"ReadAction\",\"target\":[\"https:\/\/100anni.units.it\/index.php\/home\/campagne-di-comunicazione\/campagna-5x1000\/\"]}]},{\"@type\":\"BreadcrumbList\",\"@id\":\"https:\/\/100anni.units.it\/index.php\/home\/campagne-di-comunicazione\/campagna-5x1000\/#breadcrumb\",\"itemListElement\":[{\"@type\":\"ListItem\",\"position\":1,\"name\":\"Home\",\"item\":\"https:\/\/100anni.units.it\/\"},{\"@type\":\"ListItem\",\"position\":2,\"name\":\"Campagne di comunicazione\",\"item\":\"https:\/\/100anni.units.it\/index.php\/home\/campagne-di-comunicazione\/\"},{\"@type\":\"ListItem\",\"position\":3,\"name\":\"Campagna 5&#215;1000\"}]},{\"@type\":\"WebSite\",\"@id\":\"https:\/\/100anni.units.it\/#website\",\"url\":\"https:\/\/100anni.units.it\/\",\"name\":\"#100UniTS\",\"description\":\"Ogni giorno, da cento anni, con noi puoi scoprire ci\u00f2 che sar\u00e0 realt\u00e0 nel futuro. Celebriamo insieme un secolo di ricerca, eccellenza, creativit\u00e0 e ingegno umano.\",\"publisher\":{\"@id\":\"https:\/\/100anni.units.it\/#organization\"},\"potentialAction\":[{\"@type\":\"SearchAction\",\"target\":{\"@type\":\"EntryPoint\",\"urlTemplate\":\"https:\/\/100anni.units.it\/?s={search_term_string}\"},\"query-input\":\"required name=search_term_string\"}],\"inLanguage\":\"it-IT\"},{\"@type\":\"Organization\",\"@id\":\"https:\/\/100anni.units.it\/#organization\",\"name\":\"Universit\u00e0 degli Studi di Trieste\",\"alternateName\":\"UniTS\",\"url\":\"https:\/\/100anni.units.it\/\",\"logo\":{\"@type\":\"ImageObject\",\"inLanguage\":\"it-IT\",\"@id\":\"https:\/\/100anni.units.it\/#\/schema\/logo\/image\/\",\"url\":\"https:\/\/100anni.units.it\/wp-content\/uploads\/2023\/08\/units_sigillo.png\",\"contentUrl\":\"https:\/\/100anni.units.it\/wp-content\/uploads\/2023\/08\/units_sigillo.png\",\"width\":696,\"height\":696,\"caption\":\"Universit\u00e0 degli Studi di Trieste\"},\"image\":{\"@id\":\"https:\/\/100anni.units.it\/#\/schema\/logo\/image\/\"},\"sameAs\":[\"https:\/\/www.facebook.com\/universitatrieste\",\"https:\/\/twitter.com\/UniTrieste\"]}]}<\/script>\n<!-- \/ Yoast SEO plugin. -->","yoast_head_json":{"title":"Campagna 5x1000 &ndash; #100UniTS","description":"Campagna multisoggetto che ritrae sei volti di sei dottorandi che lavorano a diversi ambiti di ricerca. Lo scopo della campagna \u00e8 far comprendere la destinazione dei fondi 5\u00d71000 destinati alla ricerca, ai giovani e al futuro del Paese.","robots":{"index":"index","follow":"follow","max-snippet":"max-snippet:-1","max-image-preview":"max-image-preview:large","max-video-preview":"max-video-preview:-1"},"canonical":"https:\/\/100anni.units.it\/index.php\/home\/campagne-di-comunicazione\/campagna-5x1000\/","og_locale":"it_IT","og_type":"article","og_title":"Campagna 5x1000 &ndash; #100UniTS","og_description":"Campagna multisoggetto che ritrae sei volti di sei dottorandi che lavorano a diversi ambiti di ricerca. Lo scopo della campagna \u00e8 far comprendere la destinazione dei fondi 5\u00d71000 destinati alla ricerca, ai giovani e al futuro del Paese.","og_url":"https:\/\/100anni.units.it\/index.php\/home\/campagne-di-comunicazione\/campagna-5x1000\/","og_site_name":"#100UniTS","article_publisher":"https:\/\/www.facebook.com\/universitatrieste","article_modified_time":"2025-01-16T15:47:22+00:00","og_image":[{"width":300,"height":250,"url":"https:\/\/100anni.units.it\/wp-content\/uploads\/2023\/12\/100UniTS_campagna5x1000.jpg","type":"image\/jpeg"}],"twitter_card":"summary_large_image","twitter_site":"@UniTrieste","twitter_misc":{"Tempo di lettura stimato":"3 minuti"},"schema":{"@context":"https:\/\/schema.org","@graph":[{"@type":"WebPage","@id":"https:\/\/100anni.units.it\/index.php\/home\/campagne-di-comunicazione\/campagna-5x1000\/","url":"https:\/\/100anni.units.it\/index.php\/home\/campagne-di-comunicazione\/campagna-5x1000\/","name":"Campagna 5x1000 &ndash; #100UniTS","isPartOf":{"@id":"https:\/\/100anni.units.it\/#website"},"datePublished":"2023-12-21T15:12:17+00:00","dateModified":"2025-01-16T15:47:22+00:00","description":"Campagna multisoggetto che ritrae sei volti di sei dottorandi che lavorano a diversi ambiti di ricerca. Lo scopo della campagna \u00e8 far comprendere la destinazione dei fondi 5\u00d71000 destinati alla ricerca, ai giovani e al futuro del Paese.","breadcrumb":{"@id":"https:\/\/100anni.units.it\/index.php\/home\/campagne-di-comunicazione\/campagna-5x1000\/#breadcrumb"},"inLanguage":"it-IT","potentialAction":[{"@type":"ReadAction","target":["https:\/\/100anni.units.it\/index.php\/home\/campagne-di-comunicazione\/campagna-5x1000\/"]}]},{"@type":"BreadcrumbList","@id":"https:\/\/100anni.units.it\/index.php\/home\/campagne-di-comunicazione\/campagna-5x1000\/#breadcrumb","itemListElement":[{"@type":"ListItem","position":1,"name":"Home","item":"https:\/\/100anni.units.it\/"},{"@type":"ListItem","position":2,"name":"Campagne di comunicazione","item":"https:\/\/100anni.units.it\/index.php\/home\/campagne-di-comunicazione\/"},{"@type":"ListItem","position":3,"name":"Campagna 5&#215;1000"}]},{"@type":"WebSite","@id":"https:\/\/100anni.units.it\/#website","url":"https:\/\/100anni.units.it\/","name":"#100UniTS","description":"Ogni giorno, da cento anni, con noi puoi scoprire ci\u00f2 che sar\u00e0 realt\u00e0 nel futuro. Celebriamo insieme un secolo di ricerca, eccellenza, creativit\u00e0 e ingegno umano.","publisher":{"@id":"https:\/\/100anni.units.it\/#organization"},"potentialAction":[{"@type":"SearchAction","target":{"@type":"EntryPoint","urlTemplate":"https:\/\/100anni.units.it\/?s={search_term_string}"},"query-input":"required name=search_term_string"}],"inLanguage":"it-IT"},{"@type":"Organization","@id":"https:\/\/100anni.units.it\/#organization","name":"Universit\u00e0 degli Studi di Trieste","alternateName":"UniTS","url":"https:\/\/100anni.units.it\/","logo":{"@type":"ImageObject","inLanguage":"it-IT","@id":"https:\/\/100anni.units.it\/#\/schema\/logo\/image\/","url":"https:\/\/100anni.units.it\/wp-content\/uploads\/2023\/08\/units_sigillo.png","contentUrl":"https:\/\/100anni.units.it\/wp-content\/uploads\/2023\/08\/units_sigillo.png","width":696,"height":696,"caption":"Universit\u00e0 degli Studi di Trieste"},"image":{"@id":"https:\/\/100anni.units.it\/#\/schema\/logo\/image\/"},"sameAs":["https:\/\/www.facebook.com\/universitatrieste","https:\/\/twitter.com\/UniTrieste"]}]}},"_links":{"self":[{"href":"https:\/\/100anni.units.it\/index.php\/wp-json\/wp\/v2\/pages\/3286","targetHints":{"allow":["GET"]}}],"collection":[{"href":"https:\/\/100anni.units.it\/index.php\/wp-json\/wp\/v2\/pages"}],"about":[{"href":"https:\/\/100anni.units.it\/index.php\/wp-json\/wp\/v2\/types\/page"}],"author":[{"embeddable":true,"href":"https:\/\/100anni.units.it\/index.php\/wp-json\/wp\/v2\/users\/1"}],"replies":[{"embeddable":true,"href":"https:\/\/100anni.units.it\/index.php\/wp-json\/wp\/v2\/comments?post=3286"}],"version-history":[{"count":30,"href":"https:\/\/100anni.units.it\/index.php\/wp-json\/wp\/v2\/pages\/3286\/revisions"}],"predecessor-version":[{"id":7917,"href":"https:\/\/100anni.units.it\/index.php\/wp-json\/wp\/v2\/pages\/3286\/revisions\/7917"}],"up":[{"embeddable":true,"href":"https:\/\/100anni.units.it\/index.php\/wp-json\/wp\/v2\/pages\/3173"}],"wp:featuredmedia":[{"embeddable":true,"href":"https:\/\/100anni.units.it\/index.php\/wp-json\/wp\/v2\/media\/3391"}],"wp:attachment":[{"href":"https:\/\/100anni.units.it\/index.php\/wp-json\/wp\/v2\/media?parent=3286"}],"curies":[{"name":"wp","href":"https:\/\/api.w.org\/{rel}","templated":true}]}}