{"id":6168,"date":"2024-06-14T18:06:11","date_gmt":"2024-06-14T16:06:11","guid":{"rendered":"https:\/\/100anni.units.it\/?page_id=6168"},"modified":"2024-09-13T15:51:30","modified_gmt":"2024-09-13T13:51:30","slug":"manuela-sedmach","status":"publish","type":"page","link":"https:\/\/100anni.units.it\/index.php\/home\/relazioni-darte\/manuela-sedmach\/","title":{"rendered":"Manuela Sedmach"},"content":{"rendered":"\n<div class=\"wp-block-group\"><div class=\"wp-block-group__inner-container is-layout-constrained wp-block-group-is-layout-constrained\">\n<div style=\"height:25px\" aria-hidden=\"true\" class=\"wp-block-spacer\"><\/div>\n\n\n<div class=\"yoast-breadcrumbs\"><span><span><a href=\"https:\/\/100anni.units.it\/\">Home<\/a><\/span> \u00bb <span><a href=\"https:\/\/100anni.units.it\/index.php\/home\/relazioni-darte\/\">Relazioni d&#8217;arte<\/a><\/span> \u00bb <span class=\"breadcrumb_last\" aria-current=\"page\">Manuela Sedmach<\/span><\/span><\/div>\n\n\n<div style=\"height:40px\" aria-hidden=\"true\" class=\"wp-block-spacer\"><\/div>\n<\/div><\/div>\n\n\n\n<div class=\"wp-block-group is-vertical is-layout-flex wp-container-core-group-is-layout-8cf370e7 wp-block-group-is-layout-flex\">\n<h3 class=\"wp-block-heading has-neve-link-color-color has-text-color\">Relazioni d&#8217;arte<\/h3>\n\n\n\n<h1 class=\"wp-block-heading has-neve-link-color-color has-text-color\">Manuela Sedmach<\/h1>\n\n\n\n<div style=\"height:0px\" aria-hidden=\"true\" class=\"wp-block-spacer wp-container-content-9760934e\"><\/div>\n\n\n\n<div class=\"wp-block-group is-vertical is-layout-flex wp-container-core-group-is-layout-8cf370e7 wp-block-group-is-layout-flex\"><\/div>\n<\/div>\n\n\n\n<div style=\"height:50px\" aria-hidden=\"true\" class=\"wp-block-spacer\"><\/div>\n\n\n\n<div class=\"wp-block-columns is-layout-flex wp-container-core-columns-is-layout-9d6595d7 wp-block-columns-is-layout-flex\">\n<div class=\"wp-block-column is-layout-flow wp-block-column-is-layout-flow\" style=\"flex-basis:60%\">\n<h3 class=\"wp-block-heading has-neve-link-color-color has-text-color\">Al di sotto della sostanza cromatica, nell&#8217;intercapedine della pittura<\/h3>\n\n\n\n<p>\u00c8 bene precisare che l&#8217;idea di collocare una serie di &#8216;pagine pittoriche&#8217;, dichiaratamente aniconiche, all&#8217;interno di un Archivio Letterario mi \u00e8 apparsa immediatamente un&#8217;operazione &#8216;rischiosa&#8217; e per questo subito interessante, nel senso che le opere di Manuela Sedmach dovranno suggerire ad un abituale &#8216;lettore&#8217; quell&#8217;orientamento che si qualifica attraverso l&#8217;estensione del processo di percezione, dove cio\u00e8 gli spazi di definizione perdono ogni confine, abbandonano le certezze del dettato e della trascrizione e prediligono quelle variabili del &#8216;vedere&#8217; che si riverberano in una fruizione privata, estendendo, di fronte alla specificit\u00e0 espressiva di questo evento, la dimensione intima e l&#8217;indipendenza dell&#8217;attribuzione.<\/p>\n\n\n\n<p>Rispetto all&#8217;immersione nel racconto letterario, cos\u00ec come avviene per l&#8217;ascolto della musica e per la cinematografia, tra sbalzi e sviluppi del fluire degli eventi, dove ad una pagina seguir\u00e0 una successione da cui si ricavano nuove &#8216;informazioni&#8217;, la pittura si affronta in &#8216;presa diretta&#8217;, dove alla frontalit\u00e0 corrisponde quel &#8216;tutto dichiarato&#8217; su cui lo sguardo si pone, ribaltando il &#8216;testo figurato&#8217; nella sfera della coscienza personale, nel confronto con l&#8217;esperienza culturale ed estetica; sar\u00e0 la lettura del solo testo poetico, tendenzialmente racchiuso in un&#8217;unica pagina, a costruire un ideale ponte con la percezione della pittura, dove al movimento dello sguardo, lungo lo sviluppo delle parole e dei tempi degli &#8216;a capo&#8217;, corrisponde quel passaggio che conduce dall&#8217;insieme alla ricerca di frammenti e di particolari presenti nell&#8217;opera d&#8217;arte&#8230;un procedere che conferma la persistente condizione di indipendenza anche lungo la successione delle pagine e non solo dello stesso autore ma anche di fronte ad una Antologia\/Collettiva di diversi autori.<\/p>\n\n\n\n<p>Alla luce di questi dati si potranno osservare le ragioni, non casuali ma mirate, che hanno condotto Manuela Sedmach a distribuire le proprie opere all&#8217;interno della Biblioteca dell&#8217;Archivio degli Scrittori e della Cultura Regionale dell&#8217;Universit\u00e0 agli Studi di Trieste, con il dichiarato obiettivo &#8211; una personale forma di riconoscimento e di &#8216;omaggio&#8217; &#8211; di porle in relazione con un patrimonio culturale intimamente percepito e vissuto negli anni; accanto e lungo lo sviluppo di scaffalature che preservano e proteggono i &#8216;ricordi-scritti&#8217;, rendendoli disponibili al &#8216;gesto&#8217; della consultazione, la &#8216;narrazione-pittorica&#8217; si offrir\u00e0 ad una lettura visiva caratterizzata da uno sviluppo tutto interno alla medesima pagina, sostenuta da un &#8216;vento stabilizzato&#8217; che interseca l&#8217;alto e il basso, dal centro ai confini della tela, rafforzandosi ora sulla sinistra con una massa che muove verso destra, ora che si stabilizza in una depressione, per poi andare ad estendersi sull&#8217;orizzontalit\u00e0 rivelando se stessa solo ad uno sguardo attento, che decide di inoltrarsi negli spazi trascritti sotto la spinta di &#8216;pensieri visivi&#8217;: se la biblioteca preserva e non dichiara immediatamente, attendendo la volont\u00e0 che determina il gesto della conoscenza, ogni singola opera di Manuela Sedmach lungo la successione espositiva, parla senza svelare, si dichiara senza raccontare, invita alla frequentazione senza obbligo di partecipazione, senza il ricatto della conoscenza, ed anche in questo caso solo attendendo la possibile azione del gesto-visivo del lettore.<\/p>\n\n\n\n<p>Un incedere che incontra la dimensione racchiusa del formato quadrato in cui lo sguardo si specchia e tenta invano\/trattenuto di penetrare &#8211; <em>Dolci sono le melodie udite, ma pi\u00f9 dolci quelle non udite<\/em> (John Keats) &#8211; di oltrepassare l&#8217;impalpabile sostanza della pittura, per poi disporsi a partecipare all&#8217;estensione del formato orizzontale, alle sue frequenti grandi dimensioni, nel cui spazio &#8216;incamminarsi&#8217; pur sapendo di essere privo di certezze e di stabilit\u00e0, di orientamento e di indirizzo &#8211; <em>Voglio che i miei giorni spirino ai vostri piedi, come onde dolcemente mosse di cui voi amate il mormorio<\/em> (Francois-Ren\u00e9 Chateaubriand) -.<\/p>\n\n\n\n<p>Se la relazione tra il libro e il quadro, tra l&#8217;arte della scrittura e l&#8217;arte della pittura, sono la specifica dote di questa inedita esperienza espositiva, vissuta dall&#8217;artista con quella partecipazione frutto della propria esperienza esistenziale, ogni singola frazione espressiva, qualsiasi sia il suo formato e la natura cromatica, \u00e8 in grado di circoscrivere lo stato d&#8217;animo frutto segreto dell&#8217;artista, farsi trascrizione del suo pensiero che si incontra con il proprio gesto pittorico, ottenendo da esso supporto e suggerimento, per poi appartenere alla totale e atemporale indipendenza dell&#8217;opera stessa e alle infinite variabili che ogni singolo lettore &#8211; attento &#8211; potr\u00e0 ricevere ed ancora fruire nello sviluppo del suo stesso tempo &#8211; <em>Un quadro \u00e8 una sorta di apparizione di un angolo di un mondo misterioso di cui noi conosciamo qualche altro frammento, che sono le tele dello stesso artista<\/em> (Marcel Proust) -.<\/p>\n\n\n\n<p>Di fronte alla dimensione mobile del tempo avvertiamo che se la tecnica della pittura si stabilizza sulla superficie del supporto, se il colore sfarfalla ma si impegna nella definizione dell&#8217;opera, distribuendosi e raccogliendosi nella stesura, l&#8217;azione pittorica di Manuela Sedmach volge verso tutti i diversi e possibili processi di dilatazione; anche dove si manifesta una prima percezione di stabilit\u00e0, subito tutto si mette in moto, riprende il flusso dello stesso tempo e con esso di ogni nostro pensiero, tra il sogno e le idee e poi i ricordi, con i profumi e le emozioni, gli istinti, tutti protetti dall&#8217;intimit\u00e0&#8230;un &#8216;patrimonio&#8217; che la riservatezza preserva, che Manuela Sedmach sembra suggerire alla nostra percezione, posizionandone la presenza e i suoi valori al di sotto della sostanza cromatica, nell&#8217;intercapedine della pittura &#8211; dallo scorrere di nuvole nel cielo frutto della spinta dei venti, all&#8217;instabilit\u00e0 dei mari prodotta dal gioco delle correnti, al nascere e allo scomparire delle dune e di tutte le nostre tracce sul pianeta.<\/p>\n\n\n\n<p><strong>Andrea B. Del Guercio<\/strong><\/p>\n<\/div>\n\n\n\n<div class=\"wp-block-column is-layout-flow wp-block-column-is-layout-flow\">\n<div style=\"height:85px\" aria-hidden=\"true\" class=\"wp-block-spacer\"><\/div>\n\n\n\n<figure class=\"wp-block-image size-large\"><img loading=\"lazy\" decoding=\"async\" width=\"576\" height=\"1024\" src=\"https:\/\/100anni.units.it\/wp-content\/uploads\/2024\/07\/100UniTS_al_di_sotto_della_sostanza_cromatica_Sedmach-576x1024.jpg\" alt=\"copertina Sedmach\n\" class=\"wp-image-6414\" style=\"object-fit:cover\" srcset=\"https:\/\/100anni.units.it\/wp-content\/uploads\/2024\/07\/100UniTS_al_di_sotto_della_sostanza_cromatica_Sedmach-576x1024.jpg 576w, https:\/\/100anni.units.it\/wp-content\/uploads\/2024\/07\/100UniTS_al_di_sotto_della_sostanza_cromatica_Sedmach-169x300.jpg 169w, https:\/\/100anni.units.it\/wp-content\/uploads\/2024\/07\/100UniTS_al_di_sotto_della_sostanza_cromatica_Sedmach-768x1365.jpg 768w, https:\/\/100anni.units.it\/wp-content\/uploads\/2024\/07\/100UniTS_al_di_sotto_della_sostanza_cromatica_Sedmach-864x1536.jpg 864w, https:\/\/100anni.units.it\/wp-content\/uploads\/2024\/07\/100UniTS_al_di_sotto_della_sostanza_cromatica_Sedmach-1152x2048.jpg 1152w, https:\/\/100anni.units.it\/wp-content\/uploads\/2024\/07\/100UniTS_al_di_sotto_della_sostanza_cromatica_Sedmach.jpg 1396w\" sizes=\"auto, (max-width: 576px) 100vw, 576px\" \/><\/figure>\n<\/div>\n<\/div>\n\n\n\n<p class=\"has-medium-font-size\"><strong>Opuscolo digitale dell&#8217;artista<\/strong><br><a href=\"https:\/\/www.openstarts.units.it\/handle\/10077\/36047\" target=\"_blank\" rel=\"noreferrer noopener\"><a href=\"https:\/\/www.openstarts.units.it\/entities\/publication\/f2fbb91a-104a-4fb1-beee-a91ce06bb8d6\/details\">RELAZIONI D\u2019ARTE. Manuela Sedmach. Al di sotto della sostanza cromatica nell\u2019intercapedine della pittura (units.it)<\/a><\/a><\/p>\n\n\n\n<div style=\"height:100px\" aria-hidden=\"true\" class=\"wp-block-spacer\"><\/div>\n\n\n\n<div class=\"wp-block-media-text is-stacked-on-mobile is-image-fill\" style=\"grid-template-columns:30% auto\"><figure class=\"wp-block-media-text__media\" style=\"background-image:url(https:\/\/100anni.units.it\/wp-content\/uploads\/2024\/06\/100UniTS_Manuela_Sedmach_residenze_dartista_fotodi_Fabiano_Giovagnoni2024-576x1024.jpg);background-position:50% 50%\"><img loading=\"lazy\" decoding=\"async\" width=\"576\" height=\"1024\" src=\"https:\/\/100anni.units.it\/wp-content\/uploads\/2024\/06\/100UniTS_Manuela_Sedmach_residenze_dartista_fotodi_Fabiano_Giovagnoni2024-576x1024.jpg\" alt=\"foto Manuela Sedmach\" class=\"wp-image-6159 size-full\" srcset=\"https:\/\/100anni.units.it\/wp-content\/uploads\/2024\/06\/100UniTS_Manuela_Sedmach_residenze_dartista_fotodi_Fabiano_Giovagnoni2024-576x1024.jpg 576w, https:\/\/100anni.units.it\/wp-content\/uploads\/2024\/06\/100UniTS_Manuela_Sedmach_residenze_dartista_fotodi_Fabiano_Giovagnoni2024-169x300.jpg 169w, https:\/\/100anni.units.it\/wp-content\/uploads\/2024\/06\/100UniTS_Manuela_Sedmach_residenze_dartista_fotodi_Fabiano_Giovagnoni2024-768x1365.jpg 768w, https:\/\/100anni.units.it\/wp-content\/uploads\/2024\/06\/100UniTS_Manuela_Sedmach_residenze_dartista_fotodi_Fabiano_Giovagnoni2024-864x1536.jpg 864w, https:\/\/100anni.units.it\/wp-content\/uploads\/2024\/06\/100UniTS_Manuela_Sedmach_residenze_dartista_fotodi_Fabiano_Giovagnoni2024.jpg 1080w\" sizes=\"auto, (max-width: 576px) 100vw, 576px\" \/><\/figure><div class=\"wp-block-media-text__content\">\n<div class=\"wp-block-group is-vertical is-layout-flex wp-container-core-group-is-layout-8cf370e7 wp-block-group-is-layout-flex\">\n<h3 class=\"wp-block-heading has-neve-link-color-color has-text-color\" style=\"font-size:28px\">Biografia<\/h3>\n<\/div>\n\n\n\n<div style=\"height:20px\" aria-hidden=\"true\" class=\"wp-block-spacer\"><\/div>\n\n\n\n<p>1953, Trieste (TS)<\/p>\n\n\n\n<p>Inizia ad esporre negli anni 70 dopo aver frequentato l\u2019Istituto Statale d\u2019arte di Trieste \u201cE. Nordio\u201d con insegnanti quali Ladislao de Gauss, Maria Campitelli, Enzo Cogno\u2026 Ma l\u2019attivit\u00e0 pi\u00f9 sentita parte dagli anni 80 con l\u2019Officina di Trieste, Avida Dollars di Milano, Rasponi di Ravenna, Fuxia Art di Verona, Emporium di Ivrea, Arte3 di Trieste. Nel \u201991, artefiera di Chicago in una mostra di 5 arti-sti italiani al Navy Pier. Importante il Pollok \u2013 Krasner Foundation Grant, New York.<\/p>\n\n\n\n<p>Si arriva negli anni 90, precisamente nel 92 l\u2019incontro con Galleria Continua allora in un piccolo ma prezioso spazio vicino al Duomo di San Gimignano. Il rapporto con Galleria Continua \u00e8 stato e continua tutt&#8217;ora con mostre, fiere internazionali e rapporti espositivi con altre Gallerie quali Van Laere ad Anversa, Schroeder a Colonia, Dina Carola a Napoli, G7 a Bologna, Jaqueline Arets a Knokke in Belgio\u2026<\/p>\n\n\n\n<p>Nel 2003 una bella installazione subacquea <em>Occhi bianchi<\/em> nel canale di Ponterosso al seguito di una mostra personale al Museo Revoltella di Trieste nel Palazzo Gopcevich e poi un importante rapporto con la Galleria Torbandena di Trieste.<\/p>\n\n\n\n<p>Nel 2009 Le Moulin-Boissy le Chatel (Parigi) e 2005\/2010 Beijing 798 Art Zone estensioni della galleria Continua, ancora studio G7 di Bologna, 3G Artecontemporanea di Udine, Plurima e GAMUD sempre di Udine, e poi ancora la serie <em>Passare al Bosco<\/em> da un concetto tratto da <em>Il trattato del Ribelle<\/em> di Ernst Junger, negli anni 2015\/2017 a Tel-laro (SP), nell\u2019oratorio Santa Maria Tela\u00e0, in Galleria Continua, in ARCA-ITIS a Trieste e Colonos di Villacaccia di Lestizza, per arrivare al titolo attuale <em>Dubito ergo Cogito<\/em> ispirato da un docufilm di Werner Herzog nel quale trova i caratteri che l\u2019accompagnano nel suo lavoro: la lentezza, la fatica, il dubbio\u2026e tanto altro.<\/p>\n\n\n\n<p>Nel 2020 si trasferisce in Portogallo a Braga dove continua la sua attivit\u00e0 con una importante collaborazione con la galleria Nuno Centeno a Porto. Importante l\u2019incontro con due artisti in particolare: Pedro Vaz e Filipe Cortez. Nel 2023 realizza con Galleria Continua l\u2019esposizione <em>Nunca pare de ver- N&#8217;arrete jamais de voir.<\/em> Negli ultimi tempi Manuela Sedmach ha fatto entrare nei suoi lavori l\u2019atmosfera portoghese.<\/p>\n<\/div><\/div>\n\n\n\n<p class=\"has-small-font-size\">Ph. Fabiano Giovagnoni, 2024<\/p>\n\n\n\n<div style=\"height:100px\" aria-hidden=\"true\" class=\"wp-block-spacer\"><\/div>\n\n\n\n<div class=\"wp-block-group\"><div class=\"wp-block-group__inner-container is-layout-constrained wp-block-group-is-layout-constrained\">\n<div style=\"height:25px\" aria-hidden=\"true\" class=\"wp-block-spacer\"><\/div>\n\n\n<div class=\"yoast-breadcrumbs\"><span><span><a href=\"https:\/\/100anni.units.it\/\">Home<\/a><\/span> \u00bb <span><a href=\"https:\/\/100anni.units.it\/index.php\/home\/relazioni-darte\/\">Relazioni d&#8217;arte<\/a><\/span> \u00bb <span class=\"breadcrumb_last\" aria-current=\"page\">Manuela Sedmach<\/span><\/span><\/div>\n\n\n<div style=\"height:40px\" aria-hidden=\"true\" class=\"wp-block-spacer\"><\/div>\n<\/div><\/div>\n","protected":false},"excerpt":{"rendered":"<p>Relazioni d&#8217;arte Manuela Sedmach Al di sotto della sostanza cromatica, nell&#8217;intercapedine della pittura \u00c8 bene precisare che l&#8217;idea di collocare una serie di &#8216;pagine pittoriche&#8217;, dichiaratamente aniconiche, all&#8217;interno di un&hellip;&nbsp;<a href=\"https:\/\/100anni.units.it\/index.php\/home\/relazioni-darte\/manuela-sedmach\/\" class=\"\" rel=\"bookmark\">Leggi tutto &raquo;<span class=\"screen-reader-text\">Manuela Sedmach<\/span><\/a><\/p>\n","protected":false},"author":1,"featured_media":0,"parent":5905,"menu_order":0,"comment_status":"closed","ping_status":"closed","template":"","meta":{"neve_meta_sidebar":"","neve_meta_container":"","neve_meta_enable_content_width":"","neve_meta_content_width":0,"neve_meta_title_alignment":"","neve_meta_author_avatar":"","neve_post_elements_order":"","neve_meta_disable_header":"","neve_meta_disable_footer":"","neve_meta_disable_title":"","_EventAllDay":false,"_EventTimezone":"","_EventStartDate":"","_EventEndDate":"","_EventStartDateUTC":"","_EventEndDateUTC":"","_EventShowMap":false,"_EventShowMapLink":false,"_EventURL":"","_EventCost":"","_EventCostDescription":"","_EventCurrencySymbol":"","_EventCurrencyCode":"","_EventCurrencyPosition":"","_EventDateTimeSeparator":"","_EventTimeRangeSeparator":"","_EventOrganizerID":[],"_EventVenueID":[],"_OrganizerEmail":"","_OrganizerPhone":"","_OrganizerWebsite":"","_VenueAddress":"","_VenueCity":"","_VenueCountry":"","_VenueProvince":"","_VenueState":"","_VenueZip":"","_VenuePhone":"","_VenueURL":"","_VenueStateProvince":"","_VenueLat":"","_VenueLng":"","_VenueShowMap":false,"_VenueShowMapLink":false,"_ti_tpc_template_sync":false,"_ti_tpc_template_id":"","footnotes":""},"class_list":["post-6168","page","type-page","status-publish","hentry"],"yoast_head":"<!-- This site is optimized with the Yoast SEO plugin v21.0 - https:\/\/yoast.com\/wordpress\/plugins\/seo\/ -->\n<title>Manuela Sedmach &ndash; #100UniTS<\/title>\n<meta name=\"robots\" content=\"index, follow, max-snippet:-1, max-image-preview:large, max-video-preview:-1\" \/>\n<link rel=\"canonical\" href=\"https:\/\/100anni.units.it\/index.php\/home\/relazioni-darte\/manuela-sedmach\/\" \/>\n<meta property=\"og:locale\" content=\"it_IT\" \/>\n<meta property=\"og:type\" content=\"article\" \/>\n<meta property=\"og:title\" content=\"Manuela Sedmach &ndash; #100UniTS\" \/>\n<meta property=\"og:description\" content=\"Relazioni d&#8217;arte Manuela Sedmach Al di sotto della sostanza cromatica, nell&#8217;intercapedine della pittura \u00c8 bene precisare che l&#8217;idea di collocare una serie di &#8216;pagine pittoriche&#8217;, dichiaratamente aniconiche, all&#8217;interno di un&hellip;&nbsp;Leggi tutto &raquo;Manuela Sedmach\" \/>\n<meta property=\"og:url\" content=\"https:\/\/100anni.units.it\/index.php\/home\/relazioni-darte\/manuela-sedmach\/\" \/>\n<meta property=\"og:site_name\" content=\"#100UniTS\" \/>\n<meta property=\"article:publisher\" content=\"https:\/\/www.facebook.com\/universitatrieste\" \/>\n<meta property=\"article:modified_time\" content=\"2024-09-13T13:51:30+00:00\" \/>\n<meta property=\"og:image\" content=\"https:\/\/100anni.units.it\/wp-content\/uploads\/2024\/07\/100UniTS_al_di_sotto_della_sostanza_cromatica_Sedmach-576x1024.jpg\" \/>\n<meta name=\"twitter:card\" content=\"summary_large_image\" \/>\n<meta name=\"twitter:site\" content=\"@UniTrieste\" \/>\n<meta name=\"twitter:label1\" content=\"Tempo di lettura stimato\" \/>\n\t<meta name=\"twitter:data1\" content=\"8 minuti\" \/>\n<script type=\"application\/ld+json\" class=\"yoast-schema-graph\">{\"@context\":\"https:\/\/schema.org\",\"@graph\":[{\"@type\":\"WebPage\",\"@id\":\"https:\/\/100anni.units.it\/index.php\/home\/relazioni-darte\/manuela-sedmach\/\",\"url\":\"https:\/\/100anni.units.it\/index.php\/home\/relazioni-darte\/manuela-sedmach\/\",\"name\":\"Manuela Sedmach &ndash; #100UniTS\",\"isPartOf\":{\"@id\":\"https:\/\/100anni.units.it\/#website\"},\"datePublished\":\"2024-06-14T16:06:11+00:00\",\"dateModified\":\"2024-09-13T13:51:30+00:00\",\"breadcrumb\":{\"@id\":\"https:\/\/100anni.units.it\/index.php\/home\/relazioni-darte\/manuela-sedmach\/#breadcrumb\"},\"inLanguage\":\"it-IT\",\"potentialAction\":[{\"@type\":\"ReadAction\",\"target\":[\"https:\/\/100anni.units.it\/index.php\/home\/relazioni-darte\/manuela-sedmach\/\"]}]},{\"@type\":\"BreadcrumbList\",\"@id\":\"https:\/\/100anni.units.it\/index.php\/home\/relazioni-darte\/manuela-sedmach\/#breadcrumb\",\"itemListElement\":[{\"@type\":\"ListItem\",\"position\":1,\"name\":\"Home\",\"item\":\"https:\/\/100anni.units.it\/\"},{\"@type\":\"ListItem\",\"position\":2,\"name\":\"Relazioni d&#8217;arte\",\"item\":\"https:\/\/100anni.units.it\/index.php\/home\/relazioni-darte\/\"},{\"@type\":\"ListItem\",\"position\":3,\"name\":\"Manuela Sedmach\"}]},{\"@type\":\"WebSite\",\"@id\":\"https:\/\/100anni.units.it\/#website\",\"url\":\"https:\/\/100anni.units.it\/\",\"name\":\"#100UniTS\",\"description\":\"Ogni giorno, da cento anni, con noi puoi scoprire ci\u00f2 che sar\u00e0 realt\u00e0 nel futuro. Celebriamo insieme un secolo di ricerca, eccellenza, creativit\u00e0 e ingegno umano.\",\"publisher\":{\"@id\":\"https:\/\/100anni.units.it\/#organization\"},\"potentialAction\":[{\"@type\":\"SearchAction\",\"target\":{\"@type\":\"EntryPoint\",\"urlTemplate\":\"https:\/\/100anni.units.it\/?s={search_term_string}\"},\"query-input\":\"required name=search_term_string\"}],\"inLanguage\":\"it-IT\"},{\"@type\":\"Organization\",\"@id\":\"https:\/\/100anni.units.it\/#organization\",\"name\":\"Universit\u00e0 degli Studi di Trieste\",\"alternateName\":\"UniTS\",\"url\":\"https:\/\/100anni.units.it\/\",\"logo\":{\"@type\":\"ImageObject\",\"inLanguage\":\"it-IT\",\"@id\":\"https:\/\/100anni.units.it\/#\/schema\/logo\/image\/\",\"url\":\"https:\/\/100anni.units.it\/wp-content\/uploads\/2023\/08\/units_sigillo.png\",\"contentUrl\":\"https:\/\/100anni.units.it\/wp-content\/uploads\/2023\/08\/units_sigillo.png\",\"width\":696,\"height\":696,\"caption\":\"Universit\u00e0 degli Studi di Trieste\"},\"image\":{\"@id\":\"https:\/\/100anni.units.it\/#\/schema\/logo\/image\/\"},\"sameAs\":[\"https:\/\/www.facebook.com\/universitatrieste\",\"https:\/\/twitter.com\/UniTrieste\"]}]}<\/script>\n<!-- \/ Yoast SEO plugin. -->","yoast_head_json":{"title":"Manuela Sedmach &ndash; #100UniTS","robots":{"index":"index","follow":"follow","max-snippet":"max-snippet:-1","max-image-preview":"max-image-preview:large","max-video-preview":"max-video-preview:-1"},"canonical":"https:\/\/100anni.units.it\/index.php\/home\/relazioni-darte\/manuela-sedmach\/","og_locale":"it_IT","og_type":"article","og_title":"Manuela Sedmach &ndash; #100UniTS","og_description":"Relazioni d&#8217;arte Manuela Sedmach Al di sotto della sostanza cromatica, nell&#8217;intercapedine della pittura \u00c8 bene precisare che l&#8217;idea di collocare una serie di &#8216;pagine pittoriche&#8217;, dichiaratamente aniconiche, all&#8217;interno di un&hellip;&nbsp;Leggi tutto &raquo;Manuela Sedmach","og_url":"https:\/\/100anni.units.it\/index.php\/home\/relazioni-darte\/manuela-sedmach\/","og_site_name":"#100UniTS","article_publisher":"https:\/\/www.facebook.com\/universitatrieste","article_modified_time":"2024-09-13T13:51:30+00:00","og_image":[{"url":"https:\/\/100anni.units.it\/wp-content\/uploads\/2024\/07\/100UniTS_al_di_sotto_della_sostanza_cromatica_Sedmach-576x1024.jpg"}],"twitter_card":"summary_large_image","twitter_site":"@UniTrieste","twitter_misc":{"Tempo di lettura stimato":"8 minuti"},"schema":{"@context":"https:\/\/schema.org","@graph":[{"@type":"WebPage","@id":"https:\/\/100anni.units.it\/index.php\/home\/relazioni-darte\/manuela-sedmach\/","url":"https:\/\/100anni.units.it\/index.php\/home\/relazioni-darte\/manuela-sedmach\/","name":"Manuela Sedmach &ndash; #100UniTS","isPartOf":{"@id":"https:\/\/100anni.units.it\/#website"},"datePublished":"2024-06-14T16:06:11+00:00","dateModified":"2024-09-13T13:51:30+00:00","breadcrumb":{"@id":"https:\/\/100anni.units.it\/index.php\/home\/relazioni-darte\/manuela-sedmach\/#breadcrumb"},"inLanguage":"it-IT","potentialAction":[{"@type":"ReadAction","target":["https:\/\/100anni.units.it\/index.php\/home\/relazioni-darte\/manuela-sedmach\/"]}]},{"@type":"BreadcrumbList","@id":"https:\/\/100anni.units.it\/index.php\/home\/relazioni-darte\/manuela-sedmach\/#breadcrumb","itemListElement":[{"@type":"ListItem","position":1,"name":"Home","item":"https:\/\/100anni.units.it\/"},{"@type":"ListItem","position":2,"name":"Relazioni d&#8217;arte","item":"https:\/\/100anni.units.it\/index.php\/home\/relazioni-darte\/"},{"@type":"ListItem","position":3,"name":"Manuela Sedmach"}]},{"@type":"WebSite","@id":"https:\/\/100anni.units.it\/#website","url":"https:\/\/100anni.units.it\/","name":"#100UniTS","description":"Ogni giorno, da cento anni, con noi puoi scoprire ci\u00f2 che sar\u00e0 realt\u00e0 nel futuro. Celebriamo insieme un secolo di ricerca, eccellenza, creativit\u00e0 e ingegno umano.","publisher":{"@id":"https:\/\/100anni.units.it\/#organization"},"potentialAction":[{"@type":"SearchAction","target":{"@type":"EntryPoint","urlTemplate":"https:\/\/100anni.units.it\/?s={search_term_string}"},"query-input":"required name=search_term_string"}],"inLanguage":"it-IT"},{"@type":"Organization","@id":"https:\/\/100anni.units.it\/#organization","name":"Universit\u00e0 degli Studi di Trieste","alternateName":"UniTS","url":"https:\/\/100anni.units.it\/","logo":{"@type":"ImageObject","inLanguage":"it-IT","@id":"https:\/\/100anni.units.it\/#\/schema\/logo\/image\/","url":"https:\/\/100anni.units.it\/wp-content\/uploads\/2023\/08\/units_sigillo.png","contentUrl":"https:\/\/100anni.units.it\/wp-content\/uploads\/2023\/08\/units_sigillo.png","width":696,"height":696,"caption":"Universit\u00e0 degli Studi di Trieste"},"image":{"@id":"https:\/\/100anni.units.it\/#\/schema\/logo\/image\/"},"sameAs":["https:\/\/www.facebook.com\/universitatrieste","https:\/\/twitter.com\/UniTrieste"]}]}},"_links":{"self":[{"href":"https:\/\/100anni.units.it\/index.php\/wp-json\/wp\/v2\/pages\/6168","targetHints":{"allow":["GET"]}}],"collection":[{"href":"https:\/\/100anni.units.it\/index.php\/wp-json\/wp\/v2\/pages"}],"about":[{"href":"https:\/\/100anni.units.it\/index.php\/wp-json\/wp\/v2\/types\/page"}],"author":[{"embeddable":true,"href":"https:\/\/100anni.units.it\/index.php\/wp-json\/wp\/v2\/users\/1"}],"replies":[{"embeddable":true,"href":"https:\/\/100anni.units.it\/index.php\/wp-json\/wp\/v2\/comments?post=6168"}],"version-history":[{"count":20,"href":"https:\/\/100anni.units.it\/index.php\/wp-json\/wp\/v2\/pages\/6168\/revisions"}],"predecessor-version":[{"id":6416,"href":"https:\/\/100anni.units.it\/index.php\/wp-json\/wp\/v2\/pages\/6168\/revisions\/6416"}],"up":[{"embeddable":true,"href":"https:\/\/100anni.units.it\/index.php\/wp-json\/wp\/v2\/pages\/5905"}],"wp:attachment":[{"href":"https:\/\/100anni.units.it\/index.php\/wp-json\/wp\/v2\/media?parent=6168"}],"curies":[{"name":"wp","href":"https:\/\/api.w.org\/{rel}","templated":true}]}}