{"id":7099,"date":"2024-09-13T16:29:26","date_gmt":"2024-09-13T14:29:26","guid":{"rendered":"https:\/\/100anni.units.it\/?page_id=7099"},"modified":"2024-10-03T17:53:17","modified_gmt":"2024-10-03T15:53:17","slug":"antonio-sofianopulo","status":"publish","type":"page","link":"https:\/\/100anni.units.it\/index.php\/home\/relazioni-darte\/antonio-sofianopulo\/","title":{"rendered":"Antonio\u00a0Sofianopulo\u00a0"},"content":{"rendered":"\n<div class=\"wp-block-group\"><div class=\"wp-block-group__inner-container is-layout-constrained wp-block-group-is-layout-constrained\">\n<div style=\"height:25px\" aria-hidden=\"true\" class=\"wp-block-spacer\"><\/div>\n\n\n<div class=\"yoast-breadcrumbs\"><span><span><a href=\"https:\/\/100anni.units.it\/\">Home<\/a><\/span> \u00bb <span><a href=\"https:\/\/100anni.units.it\/index.php\/home\/relazioni-darte\/\">Relazioni d&#8217;arte<\/a><\/span> \u00bb <span class=\"breadcrumb_last\" aria-current=\"page\">Antonio\u00a0Sofianopulo\u00a0<\/span><\/span><\/div>\n\n\n<div style=\"height:40px\" aria-hidden=\"true\" class=\"wp-block-spacer\"><\/div>\n<\/div><\/div>\n\n\n\n<h2 class=\"wp-block-heading has-neve-link-color-color has-text-color\">Antonio&nbsp;Sofianopulo&nbsp;<\/h2>\n\n\n\n<h2 class=\"wp-block-heading has-neve-link-color-color has-text-color has-medium-font-size\"><strong>Poetica<\/strong><\/h2>\n\n\n\n<div class=\"wp-block-columns is-layout-flex wp-container-core-columns-is-layout-9d6595d7 wp-block-columns-is-layout-flex\">\n<div class=\"wp-block-column is-layout-flow wp-block-column-is-layout-flow\">\n<p>&#8220;&#8230;.La trasformazione sul piano della pittura, per Antonio Sofianopulo, diviene processo mentale trasformato nell\u2019incorporazione di piani e di segni, di elementi figurati e di elementi decorativi.<strong> <\/strong>Insomma, pi\u00f9 affine a Max Ernst che a Prampolini, pi\u00f9 <em>cut up<\/em> che taglia e incolla, per far ritornare nel corpo della pittura tutto ci\u00f2 che le appartiene, giocando per somma di frammenti e somma di dettagli.<\/p>\n\n\n\n<p>La LINGUA\/STRATAGEMMA di questi suoi lavori basa la sua vitalit\u00e0 sull\u2019abilit\u00e0 del disegno, sulla rifinitura a punta di pennello e sul dialogo compensativo tra immagini dissimili, legate da un <em>fil rouge<\/em> a volte difficile da seguire.<\/p>\n\n\n\n<p>Quali ESEMPI alle nostre spalle ne giustificano la modalit\u00e0? Due nomi per tutti: Malcom Morley e David Salle, ambedue interpreti, sul piano della pittura, della sommatoria incongrua di segni e significati.<\/p>\n\n\n\n<p>Una sommatoria che in Sofianopulo diviene per\u00f2 campo unitario della rappresentazione, tanto che l\u2019incongruo diviene congruo, quasi a voler farsi ponte di una narrazione rinnovata, per divenire alfiere di quella verosimiglianza di cui ha tanto scritto sir Ernst Hans Josef Gombrich, e che noi potremmo definire come una nuova e sistematica verit\u00e0.<\/p>\n\n\n\n<p>I TRATTI SALIENTI di questa narrazione rinnovata e convincente sono: discrezione, gentilezza, tatto, sottigliezza, prontezza, eleganza, diplomazia, ironia. L\u2019IRONIA sottintesa \u00e8 valore ovvio, visto che gli abbinamenti possono non solo nascondere una critica e far generare un sorriso, ma invitano a pensare a un artigiano\/intagliatore che esegue la sua opera con una serie infinita di piccoli tocchi in modo da renderla pregna di dettagli indecifrabili e non riconoscibili di primo acchito.<\/p>\n\n\n\n<p>Infine, da Henry James a Sofianopulo, attraverso Morley e Salle, coniugando le parole in forza evocatrice delle immagini, potremmo riferirci alla pittura e concludere: \u201cIO TI HO, MENTRE GLI ALTRI TI HANNO PERDUTA PER SEMPRE\u201d.<\/p>\n\n\n\n<p>E tra PERDUTA al femminile e PERDUTO al maschile si gioca tutta la nostra narrazione.<\/p>\n\n\n\n<p>Che poi questo possesso riguardi la verit\u00e0 infine conquistata o la forza espressiva dell\u2019immagine immaginifica, possiamo considerarlo valore relativo.&#8221; &#8211; da<strong> <\/strong><em><strong>L\u2019etica dell\u2019immagine<\/strong> di<strong> Roberto Vidali<\/strong><\/em><\/p>\n<\/div>\n\n\n\n<div class=\"wp-block-column is-layout-flow wp-block-column-is-layout-flow\">\n<figure class=\"wp-block-image size-large\"><img loading=\"lazy\" decoding=\"async\" width=\"711\" height=\"1024\" src=\"https:\/\/100anni.units.it\/wp-content\/uploads\/2024\/10\/Schermata-2024-10-03-alle-17.44.08-711x1024.png\" alt=\"Antonio Sofianopulo\" class=\"wp-image-7398\" srcset=\"https:\/\/100anni.units.it\/wp-content\/uploads\/2024\/10\/Schermata-2024-10-03-alle-17.44.08-711x1024.png 711w, https:\/\/100anni.units.it\/wp-content\/uploads\/2024\/10\/Schermata-2024-10-03-alle-17.44.08-208x300.png 208w, https:\/\/100anni.units.it\/wp-content\/uploads\/2024\/10\/Schermata-2024-10-03-alle-17.44.08-768x1107.png 768w, https:\/\/100anni.units.it\/wp-content\/uploads\/2024\/10\/Schermata-2024-10-03-alle-17.44.08-1066x1536.png 1066w, https:\/\/100anni.units.it\/wp-content\/uploads\/2024\/10\/Schermata-2024-10-03-alle-17.44.08.png 1410w\" sizes=\"auto, (max-width: 711px) 100vw, 711px\" \/><\/figure>\n\n\n\n<div style=\"height:100px\" aria-hidden=\"true\" class=\"wp-block-spacer\"><\/div>\n\n\n\n<div class=\"wp-block-buttons is-content-justification-center is-layout-flex wp-container-core-buttons-is-layout-16018d1d wp-block-buttons-is-layout-flex\">\n<div class=\"wp-block-button is-style-secondary\"><a class=\"wp-block-button__link wp-element-button\" href=\"https:\/\/100anni.units.it\/wp-content\/uploads\/2024\/10\/Sofianopulo_compressed.pdf\">SCARICA L&#8217;OPUSCOLO<\/a><\/div>\n<\/div>\n<\/div>\n<\/div>\n\n\n\n<div style=\"height:44px\" aria-hidden=\"true\" class=\"wp-block-spacer\"><\/div>\n\n\n\n<div class=\"wp-block-media-text is-stacked-on-mobile is-image-fill\" style=\"grid-template-columns:30% auto\"><figure class=\"wp-block-media-text__media\" style=\"background-image:url(https:\/\/100anni.units.it\/wp-content\/uploads\/2024\/09\/100UniTS_Antonio_Sofianopulo.jpg);background-position:50% 50%\"><img loading=\"lazy\" decoding=\"async\" width=\"592\" height=\"395\" src=\"https:\/\/100anni.units.it\/wp-content\/uploads\/2024\/09\/100UniTS_Antonio_Sofianopulo.jpg\" alt=\"Antonio Sofianopulo\" class=\"wp-image-7100 size-full\" srcset=\"https:\/\/100anni.units.it\/wp-content\/uploads\/2024\/09\/100UniTS_Antonio_Sofianopulo.jpg 592w, https:\/\/100anni.units.it\/wp-content\/uploads\/2024\/09\/100UniTS_Antonio_Sofianopulo-300x200.jpg 300w\" sizes=\"auto, (max-width: 592px) 100vw, 592px\" \/><\/figure><div class=\"wp-block-media-text__content\">\n<div class=\"wp-block-group is-vertical is-layout-flex wp-container-core-group-is-layout-8cf370e7 wp-block-group-is-layout-flex\">\n<h3 class=\"wp-block-heading has-neve-link-color-color has-text-color\" style=\"font-size:28px\">Biografia<\/h3>\n\n\n\n<p><\/p>\n<\/div>\n\n\n\n<p>Antonio&nbsp;Sofianopulo&nbsp;\u00e8 nato a Trieste nel 1955, citt\u00e0 dove vive e lavora.<br>Compie studi artistici, ma la sua formazione avviene principalmente in famiglia con la&nbsp;madre&nbsp;Renata, pittrice e pubblicitaria e con il&nbsp;prozio&nbsp;Cesare&nbsp;pittore simbolista allievo di von Stuck.<br>Inizia ad esporre nel 1977. Ricorderemo tra le mostre personali quelle &nbsp;tenute presso, &nbsp;il Centro \u201cM. Merkouri\u201d di Atene nel 1997, a Trieste al \u201cPalazzo Gopcevich\u201d per il Museo Revoltella nel 2003, allo spazio Juliet di Casier,&nbsp; alla Galleria Victor Saavedra di Barcellona nel 2006 e alla Galleria Franco Toselli di Milano nel 2008 e alla Duetart di Varese nel 2009, Universit\u00e0 Bocconi, Milano nel 2010,&nbsp; alla Galleria Maniero di&nbsp; Roma nel 2011, e al Museo Revoltella di Trieste nel 2015, nel 2021 alla Duetart di Varese, nel 2022 alla galleria Medusa di Capodistria e nel 2023 allo Studio Vigato di Alessandria.<\/p>\n\n\n\n<p>Tra le mostre collettive ricorderemo nel 1993 \u201cLa montagna Dipinta\u201d a Castel Tevlana e Galleria Raffaelli di Trento, \/\u201cEquinozio\u201d al Castello di Rivara nel 1994,\/ \u201cVa\u2019 pensiero\u2026\u201d alla Promotrice alle Belle Arti di Torino nel 1997,\/ \u201cBel tempo\u201d Ludwig M\u00f9zeum di Budapest nel 1999,\/ \u201cMediterranea\u201d a Dubrovnik nel 2001,\/ \u201cDa de Chirico a Leonor Fini\u201d al Museo Revoltella di Trieste nel 2002,\/ \u201cA ruota libera\u201d negli spazi della Fiera di Milano nel 2004,\/ nel 2016 \u201c Corrispondenze d\u2019Arte\u201d al Museo Revoltella &#8211;&nbsp; Trieste,\/ nel 2017&nbsp; Sala 1 \u2013 Roma \/nel 2018 \u201cSoft Revolution\u201d alla Triennale \u2013 Milano\/ nel 2019 Hotel Aquerello Toselli Museo city Milano.<\/p>\n\n\n\n<p>Le principali gallerie di riferimento sono in Italia&nbsp; sono : lo Studio Vigato di Alessandria, Toselli a &nbsp;Milano&nbsp; e in Spagna &nbsp;la Galeria Saavedra di Barcellona.<br>La sua opera compare nell\u2019ultimo libro di Germano Celant +Spazi<br>Una sua opera vestiva il C.D. musicale dei Luc Orient \u201c<em>La Vie \u00c0 Grand Vitesse\u201d del 2012<\/em><\/p>\n\n\n\n<p>Su di lui hanno scritto tra gli altri: &nbsp;Roberto Vidali, Maria Masau Dan, Valerio Deh\u00f2, Vittorio Sgarbi, Alessandra Tiddia,&nbsp;Elena Pontiggia e Franco Toselli, Ivan Quaroni, Francesca Liotta.<\/p>\n\n\n\n<p>Antonio&nbsp;Sofianopulo&nbsp; \u00e8 stato tra i fondatori della rivista internazionale d\u2019arte contemporanea Juliet, \u00e8 curatore del Museo \u201cCostantino e Mafalda Pisani\u201d della Comunit\u00e0 Greco Orientale di Trieste.<\/p>\n\n\n\n<p>Sue opere si trovano presso il museo Paolo Pini di Milano, al museo \u201cP. Revoltella\u201d di Trieste e in diverse collezioni private in Italia e all\u2019estero.<\/p>\n<\/div><\/div>\n\n\n\n<p class=\"has-small-font-size\"><\/p>\n\n\n\n<div style=\"height:100px\" aria-hidden=\"true\" class=\"wp-block-spacer\"><\/div>\n\n\n\n<div class=\"wp-block-group\"><div class=\"wp-block-group__inner-container is-layout-constrained wp-block-group-is-layout-constrained\">\n<div style=\"height:25px\" aria-hidden=\"true\" class=\"wp-block-spacer\"><\/div>\n\n\n<div class=\"yoast-breadcrumbs\"><span><span><a href=\"https:\/\/100anni.units.it\/\">Home<\/a><\/span> \u00bb <span><a href=\"https:\/\/100anni.units.it\/index.php\/home\/relazioni-darte\/\">Relazioni d&#8217;arte<\/a><\/span> \u00bb <span class=\"breadcrumb_last\" aria-current=\"page\">Antonio\u00a0Sofianopulo\u00a0<\/span><\/span><\/div>\n\n\n<div style=\"height:40px\" aria-hidden=\"true\" class=\"wp-block-spacer\"><\/div>\n<\/div><\/div>\n","protected":false},"excerpt":{"rendered":"<p>Antonio&nbsp;Sofianopulo&nbsp; Poetica &#8220;&#8230;.La trasformazione sul piano della pittura, per Antonio Sofianopulo, diviene processo mentale trasformato nell\u2019incorporazione di piani e di segni, di elementi figurati e di elementi decorativi. Insomma, pi\u00f9&hellip;&nbsp;<a href=\"https:\/\/100anni.units.it\/index.php\/home\/relazioni-darte\/antonio-sofianopulo\/\" class=\"\" rel=\"bookmark\">Leggi tutto &raquo;<span class=\"screen-reader-text\">Antonio\u00a0Sofianopulo\u00a0<\/span><\/a><\/p>\n","protected":false},"author":1,"featured_media":0,"parent":5905,"menu_order":0,"comment_status":"closed","ping_status":"closed","template":"","meta":{"neve_meta_sidebar":"","neve_meta_container":"","neve_meta_enable_content_width":"","neve_meta_content_width":0,"neve_meta_title_alignment":"","neve_meta_author_avatar":"","neve_post_elements_order":"","neve_meta_disable_header":"","neve_meta_disable_footer":"","neve_meta_disable_title":"","_EventAllDay":false,"_EventTimezone":"","_EventStartDate":"","_EventEndDate":"","_EventStartDateUTC":"","_EventEndDateUTC":"","_EventShowMap":false,"_EventShowMapLink":false,"_EventURL":"","_EventCost":"","_EventCostDescription":"","_EventCurrencySymbol":"","_EventCurrencyCode":"","_EventCurrencyPosition":"","_EventDateTimeSeparator":"","_EventTimeRangeSeparator":"","_EventOrganizerID":[],"_EventVenueID":[],"_OrganizerEmail":"","_OrganizerPhone":"","_OrganizerWebsite":"","_VenueAddress":"","_VenueCity":"","_VenueCountry":"","_VenueProvince":"","_VenueState":"","_VenueZip":"","_VenuePhone":"","_VenueURL":"","_VenueStateProvince":"","_VenueLat":"","_VenueLng":"","_VenueShowMap":false,"_VenueShowMapLink":false,"_ti_tpc_template_sync":false,"_ti_tpc_template_id":"","footnotes":""},"class_list":["post-7099","page","type-page","status-publish","hentry"],"yoast_head":"<!-- This site is optimized with the Yoast SEO plugin v21.0 - https:\/\/yoast.com\/wordpress\/plugins\/seo\/ -->\n<title>Antonio\u00a0Sofianopulo\u00a0 &ndash; #100UniTS<\/title>\n<meta name=\"description\" content=\"Compie studi artistici, ma la sua formazione avviene principalmente in famiglia con la\u00a0madre\u00a0Renata, pittrice e pubblicitaria e con il\u00a0prozio\u00a0Cesare\u00a0pittore simbolista allievo di von Stuck.\" \/>\n<meta name=\"robots\" content=\"index, follow, max-snippet:-1, max-image-preview:large, max-video-preview:-1\" \/>\n<link rel=\"canonical\" href=\"https:\/\/100anni.units.it\/index.php\/home\/relazioni-darte\/antonio-sofianopulo\/\" \/>\n<meta property=\"og:locale\" content=\"it_IT\" \/>\n<meta property=\"og:type\" content=\"article\" \/>\n<meta property=\"og:title\" content=\"Antonio\u00a0Sofianopulo\u00a0 &ndash; #100UniTS\" \/>\n<meta property=\"og:description\" content=\"Compie studi artistici, ma la sua formazione avviene principalmente in famiglia con la\u00a0madre\u00a0Renata, pittrice e pubblicitaria e con il\u00a0prozio\u00a0Cesare\u00a0pittore simbolista allievo di von Stuck.\" \/>\n<meta property=\"og:url\" content=\"https:\/\/100anni.units.it\/index.php\/home\/relazioni-darte\/antonio-sofianopulo\/\" \/>\n<meta property=\"og:site_name\" content=\"#100UniTS\" \/>\n<meta property=\"article:publisher\" content=\"https:\/\/www.facebook.com\/universitatrieste\" \/>\n<meta property=\"article:modified_time\" content=\"2024-10-03T15:53:17+00:00\" \/>\n<meta property=\"og:image\" content=\"https:\/\/100anni.units.it\/wp-content\/uploads\/2024\/10\/Schermata-2024-10-03-alle-17.44.08-711x1024.png\" \/>\n<meta name=\"twitter:card\" content=\"summary_large_image\" \/>\n<meta name=\"twitter:site\" content=\"@UniTrieste\" \/>\n<meta name=\"twitter:label1\" content=\"Tempo di lettura stimato\" \/>\n\t<meta name=\"twitter:data1\" content=\"5 minuti\" \/>\n<script type=\"application\/ld+json\" class=\"yoast-schema-graph\">{\"@context\":\"https:\/\/schema.org\",\"@graph\":[{\"@type\":\"WebPage\",\"@id\":\"https:\/\/100anni.units.it\/index.php\/home\/relazioni-darte\/antonio-sofianopulo\/\",\"url\":\"https:\/\/100anni.units.it\/index.php\/home\/relazioni-darte\/antonio-sofianopulo\/\",\"name\":\"Antonio\u00a0Sofianopulo\u00a0 &ndash; #100UniTS\",\"isPartOf\":{\"@id\":\"https:\/\/100anni.units.it\/#website\"},\"datePublished\":\"2024-09-13T14:29:26+00:00\",\"dateModified\":\"2024-10-03T15:53:17+00:00\",\"description\":\"Compie studi artistici, ma la sua formazione avviene principalmente in famiglia con la\u00a0madre\u00a0Renata, pittrice e pubblicitaria e con il\u00a0prozio\u00a0Cesare\u00a0pittore simbolista allievo di von Stuck.\",\"breadcrumb\":{\"@id\":\"https:\/\/100anni.units.it\/index.php\/home\/relazioni-darte\/antonio-sofianopulo\/#breadcrumb\"},\"inLanguage\":\"it-IT\",\"potentialAction\":[{\"@type\":\"ReadAction\",\"target\":[\"https:\/\/100anni.units.it\/index.php\/home\/relazioni-darte\/antonio-sofianopulo\/\"]}]},{\"@type\":\"BreadcrumbList\",\"@id\":\"https:\/\/100anni.units.it\/index.php\/home\/relazioni-darte\/antonio-sofianopulo\/#breadcrumb\",\"itemListElement\":[{\"@type\":\"ListItem\",\"position\":1,\"name\":\"Home\",\"item\":\"https:\/\/100anni.units.it\/\"},{\"@type\":\"ListItem\",\"position\":2,\"name\":\"Relazioni d&#8217;arte\",\"item\":\"https:\/\/100anni.units.it\/index.php\/home\/relazioni-darte\/\"},{\"@type\":\"ListItem\",\"position\":3,\"name\":\"Antonio\u00a0Sofianopulo\u00a0\"}]},{\"@type\":\"WebSite\",\"@id\":\"https:\/\/100anni.units.it\/#website\",\"url\":\"https:\/\/100anni.units.it\/\",\"name\":\"#100UniTS\",\"description\":\"Ogni giorno, da cento anni, con noi puoi scoprire ci\u00f2 che sar\u00e0 realt\u00e0 nel futuro. Celebriamo insieme un secolo di ricerca, eccellenza, creativit\u00e0 e ingegno umano.\",\"publisher\":{\"@id\":\"https:\/\/100anni.units.it\/#organization\"},\"potentialAction\":[{\"@type\":\"SearchAction\",\"target\":{\"@type\":\"EntryPoint\",\"urlTemplate\":\"https:\/\/100anni.units.it\/?s={search_term_string}\"},\"query-input\":\"required name=search_term_string\"}],\"inLanguage\":\"it-IT\"},{\"@type\":\"Organization\",\"@id\":\"https:\/\/100anni.units.it\/#organization\",\"name\":\"Universit\u00e0 degli Studi di Trieste\",\"alternateName\":\"UniTS\",\"url\":\"https:\/\/100anni.units.it\/\",\"logo\":{\"@type\":\"ImageObject\",\"inLanguage\":\"it-IT\",\"@id\":\"https:\/\/100anni.units.it\/#\/schema\/logo\/image\/\",\"url\":\"https:\/\/100anni.units.it\/wp-content\/uploads\/2023\/08\/units_sigillo.png\",\"contentUrl\":\"https:\/\/100anni.units.it\/wp-content\/uploads\/2023\/08\/units_sigillo.png\",\"width\":696,\"height\":696,\"caption\":\"Universit\u00e0 degli Studi di Trieste\"},\"image\":{\"@id\":\"https:\/\/100anni.units.it\/#\/schema\/logo\/image\/\"},\"sameAs\":[\"https:\/\/www.facebook.com\/universitatrieste\",\"https:\/\/twitter.com\/UniTrieste\"]}]}<\/script>\n<!-- \/ Yoast SEO plugin. -->","yoast_head_json":{"title":"Antonio\u00a0Sofianopulo\u00a0 &ndash; #100UniTS","description":"Compie studi artistici, ma la sua formazione avviene principalmente in famiglia con la\u00a0madre\u00a0Renata, pittrice e pubblicitaria e con il\u00a0prozio\u00a0Cesare\u00a0pittore simbolista allievo di von Stuck.","robots":{"index":"index","follow":"follow","max-snippet":"max-snippet:-1","max-image-preview":"max-image-preview:large","max-video-preview":"max-video-preview:-1"},"canonical":"https:\/\/100anni.units.it\/index.php\/home\/relazioni-darte\/antonio-sofianopulo\/","og_locale":"it_IT","og_type":"article","og_title":"Antonio\u00a0Sofianopulo\u00a0 &ndash; #100UniTS","og_description":"Compie studi artistici, ma la sua formazione avviene principalmente in famiglia con la\u00a0madre\u00a0Renata, pittrice e pubblicitaria e con il\u00a0prozio\u00a0Cesare\u00a0pittore simbolista allievo di von Stuck.","og_url":"https:\/\/100anni.units.it\/index.php\/home\/relazioni-darte\/antonio-sofianopulo\/","og_site_name":"#100UniTS","article_publisher":"https:\/\/www.facebook.com\/universitatrieste","article_modified_time":"2024-10-03T15:53:17+00:00","og_image":[{"url":"https:\/\/100anni.units.it\/wp-content\/uploads\/2024\/10\/Schermata-2024-10-03-alle-17.44.08-711x1024.png"}],"twitter_card":"summary_large_image","twitter_site":"@UniTrieste","twitter_misc":{"Tempo di lettura stimato":"5 minuti"},"schema":{"@context":"https:\/\/schema.org","@graph":[{"@type":"WebPage","@id":"https:\/\/100anni.units.it\/index.php\/home\/relazioni-darte\/antonio-sofianopulo\/","url":"https:\/\/100anni.units.it\/index.php\/home\/relazioni-darte\/antonio-sofianopulo\/","name":"Antonio\u00a0Sofianopulo\u00a0 &ndash; #100UniTS","isPartOf":{"@id":"https:\/\/100anni.units.it\/#website"},"datePublished":"2024-09-13T14:29:26+00:00","dateModified":"2024-10-03T15:53:17+00:00","description":"Compie studi artistici, ma la sua formazione avviene principalmente in famiglia con la\u00a0madre\u00a0Renata, pittrice e pubblicitaria e con il\u00a0prozio\u00a0Cesare\u00a0pittore simbolista allievo di von Stuck.","breadcrumb":{"@id":"https:\/\/100anni.units.it\/index.php\/home\/relazioni-darte\/antonio-sofianopulo\/#breadcrumb"},"inLanguage":"it-IT","potentialAction":[{"@type":"ReadAction","target":["https:\/\/100anni.units.it\/index.php\/home\/relazioni-darte\/antonio-sofianopulo\/"]}]},{"@type":"BreadcrumbList","@id":"https:\/\/100anni.units.it\/index.php\/home\/relazioni-darte\/antonio-sofianopulo\/#breadcrumb","itemListElement":[{"@type":"ListItem","position":1,"name":"Home","item":"https:\/\/100anni.units.it\/"},{"@type":"ListItem","position":2,"name":"Relazioni d&#8217;arte","item":"https:\/\/100anni.units.it\/index.php\/home\/relazioni-darte\/"},{"@type":"ListItem","position":3,"name":"Antonio\u00a0Sofianopulo\u00a0"}]},{"@type":"WebSite","@id":"https:\/\/100anni.units.it\/#website","url":"https:\/\/100anni.units.it\/","name":"#100UniTS","description":"Ogni giorno, da cento anni, con noi puoi scoprire ci\u00f2 che sar\u00e0 realt\u00e0 nel futuro. Celebriamo insieme un secolo di ricerca, eccellenza, creativit\u00e0 e ingegno umano.","publisher":{"@id":"https:\/\/100anni.units.it\/#organization"},"potentialAction":[{"@type":"SearchAction","target":{"@type":"EntryPoint","urlTemplate":"https:\/\/100anni.units.it\/?s={search_term_string}"},"query-input":"required name=search_term_string"}],"inLanguage":"it-IT"},{"@type":"Organization","@id":"https:\/\/100anni.units.it\/#organization","name":"Universit\u00e0 degli Studi di Trieste","alternateName":"UniTS","url":"https:\/\/100anni.units.it\/","logo":{"@type":"ImageObject","inLanguage":"it-IT","@id":"https:\/\/100anni.units.it\/#\/schema\/logo\/image\/","url":"https:\/\/100anni.units.it\/wp-content\/uploads\/2023\/08\/units_sigillo.png","contentUrl":"https:\/\/100anni.units.it\/wp-content\/uploads\/2023\/08\/units_sigillo.png","width":696,"height":696,"caption":"Universit\u00e0 degli Studi di Trieste"},"image":{"@id":"https:\/\/100anni.units.it\/#\/schema\/logo\/image\/"},"sameAs":["https:\/\/www.facebook.com\/universitatrieste","https:\/\/twitter.com\/UniTrieste"]}]}},"_links":{"self":[{"href":"https:\/\/100anni.units.it\/index.php\/wp-json\/wp\/v2\/pages\/7099","targetHints":{"allow":["GET"]}}],"collection":[{"href":"https:\/\/100anni.units.it\/index.php\/wp-json\/wp\/v2\/pages"}],"about":[{"href":"https:\/\/100anni.units.it\/index.php\/wp-json\/wp\/v2\/types\/page"}],"author":[{"embeddable":true,"href":"https:\/\/100anni.units.it\/index.php\/wp-json\/wp\/v2\/users\/1"}],"replies":[{"embeddable":true,"href":"https:\/\/100anni.units.it\/index.php\/wp-json\/wp\/v2\/comments?post=7099"}],"version-history":[{"count":10,"href":"https:\/\/100anni.units.it\/index.php\/wp-json\/wp\/v2\/pages\/7099\/revisions"}],"predecessor-version":[{"id":7405,"href":"https:\/\/100anni.units.it\/index.php\/wp-json\/wp\/v2\/pages\/7099\/revisions\/7405"}],"up":[{"embeddable":true,"href":"https:\/\/100anni.units.it\/index.php\/wp-json\/wp\/v2\/pages\/5905"}],"wp:attachment":[{"href":"https:\/\/100anni.units.it\/index.php\/wp-json\/wp\/v2\/media?parent=7099"}],"curies":[{"name":"wp","href":"https:\/\/api.w.org\/{rel}","templated":true}]}}