{"id":7487,"date":"2024-10-16T18:42:07","date_gmt":"2024-10-16T16:42:07","guid":{"rendered":"https:\/\/100anni.units.it\/?page_id=7487"},"modified":"2024-10-19T10:13:32","modified_gmt":"2024-10-19T08:13:32","slug":"visiting-professor-del-centenario","status":"publish","type":"page","link":"https:\/\/100anni.units.it\/index.php\/home\/visiting-professor-del-centenario\/","title":{"rendered":"Visiting professor del Centenario"},"content":{"rendered":"\n<div style=\"height:100px\" aria-hidden=\"true\" class=\"wp-block-spacer\"><\/div>\n\n\n\n<h2 class=\"wp-block-heading has-neve-link-color-color has-text-color\">Visiting professor del Centenario<\/h2>\n\n\n\n<div style=\"height:10px\" aria-hidden=\"true\" class=\"wp-block-spacer\"><\/div>\n\n\n\n<div class=\"wp-block-columns is-layout-flex wp-container-core-columns-is-layout-9d6595d7 wp-block-columns-is-layout-flex\">\n<div class=\"wp-block-column is-layout-flow wp-block-column-is-layout-flow\">\n<p>Nell&#8217;anno del Centenario, l&#8217;Universit\u00e0 degli Studi di Trieste promuove un&#8217;iniziativa legata alle attivit\u00e0 dei Visiting Professor, professori di ruolo e emeriti provenienti da istituzioni o enti di ricerca esteri, per lo svolgimento di attivit\u00e0 formative di didattica frontale, all\u2019interno dei corsi di laurea, di dottorato o scuole di specializzazione.<\/p>\n\n\n\n<p>Tutta la comunit\u00e0 accademica \u00e8 invitata a partecipare al ciclo di seminari di carattere divulgativo su diversi temi scientifici previsti nei prossimi mesi.<\/p>\n<\/div>\n\n\n\n<div class=\"wp-block-column is-layout-flow wp-block-column-is-layout-flow\">\n<figure class=\"wp-block-image size-large\"><img loading=\"lazy\" decoding=\"async\" width=\"1024\" height=\"683\" src=\"https:\/\/100anni.units.it\/wp-content\/uploads\/2024\/10\/5800971710210623455-1024x683.jpg\" alt=\"visitings professor\" class=\"wp-image-7486\" srcset=\"https:\/\/100anni.units.it\/wp-content\/uploads\/2024\/10\/5800971710210623455-1024x683.jpg 1024w, https:\/\/100anni.units.it\/wp-content\/uploads\/2024\/10\/5800971710210623455-300x200.jpg 300w, https:\/\/100anni.units.it\/wp-content\/uploads\/2024\/10\/5800971710210623455-768x512.jpg 768w, https:\/\/100anni.units.it\/wp-content\/uploads\/2024\/10\/5800971710210623455-930x620.jpg 930w, https:\/\/100anni.units.it\/wp-content\/uploads\/2024\/10\/5800971710210623455.jpg 1200w\" sizes=\"auto, (max-width: 1024px) 100vw, 1024px\" \/><\/figure>\n<\/div>\n<\/div>\n\n\n\n<div class=\"wp-block-buttons is-layout-flex wp-block-buttons-is-layout-flex\">\n<div class=\"wp-block-button is-style-secondary\"><a class=\"wp-block-button__link wp-element-button\" href=\"https:\/\/100anni.units.it\/wp-content\/uploads\/2024\/10\/100UniTS_LOC.-VISITING-PROFESSORnew.pdf\">scarica il programma<\/a><\/div>\n<\/div>\n\n\n\n<div style=\"height:100px\" aria-hidden=\"true\" class=\"wp-block-spacer\"><\/div>\n\n\n\n<h2 class=\"wp-block-heading has-neve-link-color-color has-text-color has-large-font-size\">Programma<\/h2>\n\n\n\n<div class=\"wp-block-columns is-layout-flex wp-container-core-columns-is-layout-9d6595d7 wp-block-columns-is-layout-flex\">\n<div class=\"wp-block-column is-layout-flow wp-block-column-is-layout-flow\">\n<p><strong><a href=\"https:\/\/100anni.units.it\/index.php\/evento\/antarctica-as-a-place-to-search-for-space-tracks\/\">Mercoled\u00ec, 25 settembre 2024 &#8211; h 17.30<\/a><\/strong><br>Dipartimento di MATEMATICA, INFORMATICA<br>E GEOSCIENZE &#8211; MIGE<br><em>Antarctica as a Place to Search for Space Tracks<\/em><br><strong>Prof. Ioannis Baziotis<\/strong><\/p>\n\n\n\n<p><strong><a href=\"https:\/\/100anni.units.it\/index.php\/evento\/visiting-professor-del-centenario-numerical-assessment-of-cavitation-nuisance-in-marine-applications\/\">Mercoled\u00ec, 23 ottobre 2024 &#8211; h 15.30<\/a><\/strong><br>Dipartimento di INGEGNERIA E ARCHITETTURA &#8211; DIA<br><em>Numerical assessment of cavitation nuisance<br>in marine applications<\/em><br><strong>Prof. Rickard Bensow<\/strong><br><\/p>\n\n\n\n<p><strong><a href=\"https:\/\/100anni.units.it\/index.php\/evento\/visiting-professor-del-centenario-she-se-puede-future-possibilities-for-spanish-in-theu-s-in-a-kamala-harris-presidency\/\">Gioved\u00ec, 31 ottobre 2024 &#8211; h 16.00<\/a><\/strong><br>Dipartimento di SCIENZE UMANISTICHE &#8211; DISU<br><em>\u201cShe se puede\u201d: Future possibilities for Spanish in the<br>U.S. in a Kamala Harris presidency<\/em><br><strong>Prof. Kim Potowski<\/strong><br><\/p>\n\n\n\n<p><strong><a href=\"https:\/\/100anni.units.it\/index.php\/evento\/visiting-professor-del-centenario-renewable-energy-transitionand-the-local-economic-development-of-lagging-behind-regions-with-siddall-t\/\">Mercoled\u00ec, 06 novembre 2024 &#8211; h 17.00<\/a><\/strong><br>Dipartimento di SCIENZE POLITICHE E SOCIALI &#8211; DISPES<br><em>Renewable energy transition<br>and the local economic development<br>of lagging-behind regions (with Siddall T.)<\/em><br><strong>Prof. Enrico Vanino<\/strong><\/p>\n\n\n\n<p><strong><a href=\"https:\/\/100anni.units.it\/index.php\/evento\/visiting-professor-del-centenario-fundamental-rights-impact-assessments-in-the-eu-regulation-of-artificial-intelligence\/\">Luned\u00ec, 11 novembre 2024 &#8211; h 17.00<\/a><\/strong><br>Dipartimento di SCIENZE POLITICHE E SOCIALI &#8211; DISPES<br><em>Fundamental Rights Impact Assessments<br>in the EU Regulation of Artificial Intelligence<\/em><br><strong>Prof. Aurelia Colombi Ciacchi<br><\/strong><\/p>\n\n\n\n<p><br><\/p>\n<\/div>\n\n\n\n<div class=\"wp-block-column is-layout-flow wp-block-column-is-layout-flow\">\n<p><strong><a href=\"https:\/\/100anni.units.it\/index.php\/evento\/visiting-professor-del-centenario-the-power-of-social-media-platformsin-modern-society-understanding-usersbehavior-via-network-models\/\">Venerd\u00ec, 15 novembre 2024 &#8211; h 11.00<\/a><\/strong><br>Dipartimento di INGEGNERIA E ARCHITETTURA &#8211; DIA<br><em>The Power of Social Media Platforms<\/em><br><em>in Modern Society: Understanding Users\u2019Behavior<br>via Network Models<\/em><br><strong>Prof. Carlos Henrique Gomes Ferreira<\/strong><br><\/p>\n\n\n\n<p><strong><a href=\"https:\/\/100anni.units.it\/index.php\/evento\/visiting-professor-del-centenario-non-destructive-spectroscopic-analysis-inspecting-materials-with-invisible-light\/\">Mercoled\u00ec, 20 novembre 2024 &#8211; h 16.30<\/a><\/strong><br>Dipartimento di SCIENZE CHIMICHE E FARMACEUTICHE &#8211; DSCF<br><em>Non-destructive spectroscopic analysis:<br>Inspecting materials with invisible light<\/em><br><strong>Prof. Yusuke MORISAWA<\/strong><br><\/p>\n\n\n\n<p><strong><a href=\"https:\/\/100anni.units.it\/index.php\/evento\/visiting-professor-del-centenario-current-management-of-sarcomas\/\">Gioved\u00ec, 21 novembre 2024 &#8211; h 14.00<\/a><\/strong><br>Dipartimento UNIVERSITARIO CLINICO<br>DI SCIENZE MEDICHE, CHIRURGICHE<br>E DELLA SALUTE &#8211; DSM<br><em>Current management of Sarcomas<\/em><br><strong>Prof. Maniram Ragbir<\/strong><br><\/p>\n\n\n\n<p><strong><a href=\"https:\/\/100anni.units.it\/index.php\/evento\/visiting-professor-del-centenario-high-field-magnetic-resonance-imaging-and-neurosciences\/\">Mercoled\u00ec, 4 dicembre 2024 &#8211; h 17.00<\/a><\/strong><br>Dipartimento di FISICA &#8211; DF<br><em>High Field Magnetic Resonance Imaging<br>and Neurosciences<\/em><br><strong>Prof. Gisela E Hagberg<\/strong><br><\/p>\n<\/div>\n<\/div>\n\n\n\n<div style=\"height:100px\" aria-hidden=\"true\" class=\"wp-block-spacer\"><\/div>\n","protected":false},"excerpt":{"rendered":"<p>Visiting professor del Centenario Nell&#8217;anno del Centenario, l&#8217;Universit\u00e0 degli Studi di Trieste promuove un&#8217;iniziativa legata alle attivit\u00e0 dei Visiting Professor, professori di ruolo e emeriti provenienti da istituzioni o enti&hellip;&nbsp;<a href=\"https:\/\/100anni.units.it\/index.php\/home\/visiting-professor-del-centenario\/\" class=\"\" rel=\"bookmark\">Leggi tutto &raquo;<span class=\"screen-reader-text\">Visiting professor del Centenario<\/span><\/a><\/p>\n","protected":false},"author":1,"featured_media":7486,"parent":120,"menu_order":0,"comment_status":"closed","ping_status":"closed","template":"","meta":{"neve_meta_sidebar":"","neve_meta_container":"","neve_meta_enable_content_width":"","neve_meta_content_width":0,"neve_meta_title_alignment":"","neve_meta_author_avatar":"","neve_post_elements_order":"","neve_meta_disable_header":"","neve_meta_disable_footer":"","neve_meta_disable_title":"","_EventAllDay":false,"_EventTimezone":"","_EventStartDate":"","_EventEndDate":"","_EventStartDateUTC":"","_EventEndDateUTC":"","_EventShowMap":false,"_EventShowMapLink":false,"_EventURL":"","_EventCost":"","_EventCostDescription":"","_EventCurrencySymbol":"","_EventCurrencyCode":"","_EventCurrencyPosition":"","_EventDateTimeSeparator":"","_EventTimeRangeSeparator":"","_EventOrganizerID":[],"_EventVenueID":[],"_OrganizerEmail":"","_OrganizerPhone":"","_OrganizerWebsite":"","_VenueAddress":"","_VenueCity":"","_VenueCountry":"","_VenueProvince":"","_VenueState":"","_VenueZip":"","_VenuePhone":"","_VenueURL":"","_VenueStateProvince":"","_VenueLat":"","_VenueLng":"","_VenueShowMap":false,"_VenueShowMapLink":false,"_ti_tpc_template_sync":false,"_ti_tpc_template_id":"","footnotes":""},"class_list":["post-7487","page","type-page","status-publish","has-post-thumbnail","hentry"],"yoast_head":"<!-- This site is optimized with the Yoast SEO plugin v21.0 - https:\/\/yoast.com\/wordpress\/plugins\/seo\/ -->\n<title>Visiting professor del Centenario &ndash; #100UniTS<\/title>\n<meta name=\"description\" content=\"Nell&#039;anno del Centenario, l&#039;Universit\u00e0 degli Studi di Trieste promuove un&#039;iniziativa legata alle attivit\u00e0 dei Visiting Professor, professori di ruolo e emeriti provenienti da istituzioni o enti di ricerca esteri, per lo svolgimento di attivit\u00e0 formative di didattica frontale\" \/>\n<meta name=\"robots\" content=\"index, follow, max-snippet:-1, max-image-preview:large, max-video-preview:-1\" \/>\n<link rel=\"canonical\" href=\"https:\/\/100anni.units.it\/index.php\/home\/visiting-professor-del-centenario\/\" \/>\n<meta property=\"og:locale\" content=\"it_IT\" \/>\n<meta property=\"og:type\" content=\"article\" \/>\n<meta property=\"og:title\" content=\"Visiting professor del Centenario &ndash; #100UniTS\" \/>\n<meta property=\"og:description\" content=\"Nell&#039;anno del Centenario, l&#039;Universit\u00e0 degli Studi di Trieste promuove un&#039;iniziativa legata alle attivit\u00e0 dei Visiting Professor, professori di ruolo e emeriti provenienti da istituzioni o enti di ricerca esteri, per lo svolgimento di attivit\u00e0 formative di didattica frontale\" \/>\n<meta property=\"og:url\" content=\"https:\/\/100anni.units.it\/index.php\/home\/visiting-professor-del-centenario\/\" \/>\n<meta property=\"og:site_name\" content=\"#100UniTS\" \/>\n<meta property=\"article:publisher\" content=\"https:\/\/www.facebook.com\/universitatrieste\" \/>\n<meta property=\"article:modified_time\" content=\"2024-10-19T08:13:32+00:00\" \/>\n<meta property=\"og:image\" content=\"https:\/\/100anni.units.it\/wp-content\/uploads\/2024\/10\/5800971710210623455.jpg\" \/>\n\t<meta property=\"og:image:width\" content=\"1200\" \/>\n\t<meta property=\"og:image:height\" content=\"800\" \/>\n\t<meta property=\"og:image:type\" content=\"image\/jpeg\" \/>\n<meta name=\"twitter:card\" content=\"summary_large_image\" \/>\n<meta name=\"twitter:site\" content=\"@UniTrieste\" \/>\n<meta name=\"twitter:label1\" content=\"Tempo di lettura stimato\" \/>\n\t<meta name=\"twitter:data1\" content=\"2 minuti\" \/>\n<script type=\"application\/ld+json\" class=\"yoast-schema-graph\">{\"@context\":\"https:\/\/schema.org\",\"@graph\":[{\"@type\":\"WebPage\",\"@id\":\"https:\/\/100anni.units.it\/index.php\/home\/visiting-professor-del-centenario\/\",\"url\":\"https:\/\/100anni.units.it\/index.php\/home\/visiting-professor-del-centenario\/\",\"name\":\"Visiting professor del Centenario &ndash; #100UniTS\",\"isPartOf\":{\"@id\":\"https:\/\/100anni.units.it\/#website\"},\"datePublished\":\"2024-10-16T16:42:07+00:00\",\"dateModified\":\"2024-10-19T08:13:32+00:00\",\"description\":\"Nell'anno del Centenario, l'Universit\u00e0 degli Studi di Trieste promuove un'iniziativa legata alle attivit\u00e0 dei Visiting Professor, professori di ruolo e emeriti provenienti da istituzioni o enti di ricerca esteri, per lo svolgimento di attivit\u00e0 formative di didattica frontale\",\"breadcrumb\":{\"@id\":\"https:\/\/100anni.units.it\/index.php\/home\/visiting-professor-del-centenario\/#breadcrumb\"},\"inLanguage\":\"it-IT\",\"potentialAction\":[{\"@type\":\"ReadAction\",\"target\":[\"https:\/\/100anni.units.it\/index.php\/home\/visiting-professor-del-centenario\/\"]}]},{\"@type\":\"BreadcrumbList\",\"@id\":\"https:\/\/100anni.units.it\/index.php\/home\/visiting-professor-del-centenario\/#breadcrumb\",\"itemListElement\":[{\"@type\":\"ListItem\",\"position\":1,\"name\":\"Home\",\"item\":\"https:\/\/100anni.units.it\/\"},{\"@type\":\"ListItem\",\"position\":2,\"name\":\"Visiting professor del Centenario\"}]},{\"@type\":\"WebSite\",\"@id\":\"https:\/\/100anni.units.it\/#website\",\"url\":\"https:\/\/100anni.units.it\/\",\"name\":\"#100UniTS\",\"description\":\"Ogni giorno, da cento anni, con noi puoi scoprire ci\u00f2 che sar\u00e0 realt\u00e0 nel futuro. Celebriamo insieme un secolo di ricerca, eccellenza, creativit\u00e0 e ingegno umano.\",\"publisher\":{\"@id\":\"https:\/\/100anni.units.it\/#organization\"},\"potentialAction\":[{\"@type\":\"SearchAction\",\"target\":{\"@type\":\"EntryPoint\",\"urlTemplate\":\"https:\/\/100anni.units.it\/?s={search_term_string}\"},\"query-input\":\"required name=search_term_string\"}],\"inLanguage\":\"it-IT\"},{\"@type\":\"Organization\",\"@id\":\"https:\/\/100anni.units.it\/#organization\",\"name\":\"Universit\u00e0 degli Studi di Trieste\",\"alternateName\":\"UniTS\",\"url\":\"https:\/\/100anni.units.it\/\",\"logo\":{\"@type\":\"ImageObject\",\"inLanguage\":\"it-IT\",\"@id\":\"https:\/\/100anni.units.it\/#\/schema\/logo\/image\/\",\"url\":\"https:\/\/100anni.units.it\/wp-content\/uploads\/2023\/08\/units_sigillo.png\",\"contentUrl\":\"https:\/\/100anni.units.it\/wp-content\/uploads\/2023\/08\/units_sigillo.png\",\"width\":696,\"height\":696,\"caption\":\"Universit\u00e0 degli Studi di Trieste\"},\"image\":{\"@id\":\"https:\/\/100anni.units.it\/#\/schema\/logo\/image\/\"},\"sameAs\":[\"https:\/\/www.facebook.com\/universitatrieste\",\"https:\/\/twitter.com\/UniTrieste\"]}]}<\/script>\n<!-- \/ Yoast SEO plugin. -->","yoast_head_json":{"title":"Visiting professor del Centenario &ndash; #100UniTS","description":"Nell'anno del Centenario, l'Universit\u00e0 degli Studi di Trieste promuove un'iniziativa legata alle attivit\u00e0 dei Visiting Professor, professori di ruolo e emeriti provenienti da istituzioni o enti di ricerca esteri, per lo svolgimento di attivit\u00e0 formative di didattica frontale","robots":{"index":"index","follow":"follow","max-snippet":"max-snippet:-1","max-image-preview":"max-image-preview:large","max-video-preview":"max-video-preview:-1"},"canonical":"https:\/\/100anni.units.it\/index.php\/home\/visiting-professor-del-centenario\/","og_locale":"it_IT","og_type":"article","og_title":"Visiting professor del Centenario &ndash; #100UniTS","og_description":"Nell'anno del Centenario, l'Universit\u00e0 degli Studi di Trieste promuove un'iniziativa legata alle attivit\u00e0 dei Visiting Professor, professori di ruolo e emeriti provenienti da istituzioni o enti di ricerca esteri, per lo svolgimento di attivit\u00e0 formative di didattica frontale","og_url":"https:\/\/100anni.units.it\/index.php\/home\/visiting-professor-del-centenario\/","og_site_name":"#100UniTS","article_publisher":"https:\/\/www.facebook.com\/universitatrieste","article_modified_time":"2024-10-19T08:13:32+00:00","og_image":[{"width":1200,"height":800,"url":"https:\/\/100anni.units.it\/wp-content\/uploads\/2024\/10\/5800971710210623455.jpg","type":"image\/jpeg"}],"twitter_card":"summary_large_image","twitter_site":"@UniTrieste","twitter_misc":{"Tempo di lettura stimato":"2 minuti"},"schema":{"@context":"https:\/\/schema.org","@graph":[{"@type":"WebPage","@id":"https:\/\/100anni.units.it\/index.php\/home\/visiting-professor-del-centenario\/","url":"https:\/\/100anni.units.it\/index.php\/home\/visiting-professor-del-centenario\/","name":"Visiting professor del Centenario &ndash; #100UniTS","isPartOf":{"@id":"https:\/\/100anni.units.it\/#website"},"datePublished":"2024-10-16T16:42:07+00:00","dateModified":"2024-10-19T08:13:32+00:00","description":"Nell'anno del Centenario, l'Universit\u00e0 degli Studi di Trieste promuove un'iniziativa legata alle attivit\u00e0 dei Visiting Professor, professori di ruolo e emeriti provenienti da istituzioni o enti di ricerca esteri, per lo svolgimento di attivit\u00e0 formative di didattica frontale","breadcrumb":{"@id":"https:\/\/100anni.units.it\/index.php\/home\/visiting-professor-del-centenario\/#breadcrumb"},"inLanguage":"it-IT","potentialAction":[{"@type":"ReadAction","target":["https:\/\/100anni.units.it\/index.php\/home\/visiting-professor-del-centenario\/"]}]},{"@type":"BreadcrumbList","@id":"https:\/\/100anni.units.it\/index.php\/home\/visiting-professor-del-centenario\/#breadcrumb","itemListElement":[{"@type":"ListItem","position":1,"name":"Home","item":"https:\/\/100anni.units.it\/"},{"@type":"ListItem","position":2,"name":"Visiting professor del Centenario"}]},{"@type":"WebSite","@id":"https:\/\/100anni.units.it\/#website","url":"https:\/\/100anni.units.it\/","name":"#100UniTS","description":"Ogni giorno, da cento anni, con noi puoi scoprire ci\u00f2 che sar\u00e0 realt\u00e0 nel futuro. Celebriamo insieme un secolo di ricerca, eccellenza, creativit\u00e0 e ingegno umano.","publisher":{"@id":"https:\/\/100anni.units.it\/#organization"},"potentialAction":[{"@type":"SearchAction","target":{"@type":"EntryPoint","urlTemplate":"https:\/\/100anni.units.it\/?s={search_term_string}"},"query-input":"required name=search_term_string"}],"inLanguage":"it-IT"},{"@type":"Organization","@id":"https:\/\/100anni.units.it\/#organization","name":"Universit\u00e0 degli Studi di Trieste","alternateName":"UniTS","url":"https:\/\/100anni.units.it\/","logo":{"@type":"ImageObject","inLanguage":"it-IT","@id":"https:\/\/100anni.units.it\/#\/schema\/logo\/image\/","url":"https:\/\/100anni.units.it\/wp-content\/uploads\/2023\/08\/units_sigillo.png","contentUrl":"https:\/\/100anni.units.it\/wp-content\/uploads\/2023\/08\/units_sigillo.png","width":696,"height":696,"caption":"Universit\u00e0 degli Studi di Trieste"},"image":{"@id":"https:\/\/100anni.units.it\/#\/schema\/logo\/image\/"},"sameAs":["https:\/\/www.facebook.com\/universitatrieste","https:\/\/twitter.com\/UniTrieste"]}]}},"_links":{"self":[{"href":"https:\/\/100anni.units.it\/index.php\/wp-json\/wp\/v2\/pages\/7487","targetHints":{"allow":["GET"]}}],"collection":[{"href":"https:\/\/100anni.units.it\/index.php\/wp-json\/wp\/v2\/pages"}],"about":[{"href":"https:\/\/100anni.units.it\/index.php\/wp-json\/wp\/v2\/types\/page"}],"author":[{"embeddable":true,"href":"https:\/\/100anni.units.it\/index.php\/wp-json\/wp\/v2\/users\/1"}],"replies":[{"embeddable":true,"href":"https:\/\/100anni.units.it\/index.php\/wp-json\/wp\/v2\/comments?post=7487"}],"version-history":[{"count":5,"href":"https:\/\/100anni.units.it\/index.php\/wp-json\/wp\/v2\/pages\/7487\/revisions"}],"predecessor-version":[{"id":7537,"href":"https:\/\/100anni.units.it\/index.php\/wp-json\/wp\/v2\/pages\/7487\/revisions\/7537"}],"up":[{"embeddable":true,"href":"https:\/\/100anni.units.it\/index.php\/wp-json\/wp\/v2\/pages\/120"}],"wp:featuredmedia":[{"embeddable":true,"href":"https:\/\/100anni.units.it\/index.php\/wp-json\/wp\/v2\/media\/7486"}],"wp:attachment":[{"href":"https:\/\/100anni.units.it\/index.php\/wp-json\/wp\/v2\/media?parent=7487"}],"curies":[{"name":"wp","href":"https:\/\/api.w.org\/{rel}","templated":true}]}}